{"id":5070,"date":"2023-08-15T12:10:13","date_gmt":"2023-08-15T10:10:13","guid":{"rendered":"https:\/\/www.essense-studio.com\/?page_id=5070"},"modified":"2023-08-15T12:25:03","modified_gmt":"2023-08-15T10:25:03","slug":"shooting-photo-cannes-hotel-simone","status":"publish","type":"page","link":"https:\/\/www.essense-studio.com\/en\/shooting-photo-cannes-hotel-simone\/","title":{"rendered":"Shooting photo Cannes H\u00f4tel Simone"},"content":{"rendered":"<div data-elementor-type=\"wp-page\" data-elementor-id=\"5070\" class=\"elementor elementor-5070\" data-elementor-post-type=\"page\">\n\t\t\t\t\t\t<section class=\"elementor-section elementor-top-section elementor-element elementor-element-b12e3cc elementor-section-height-min-height elementor-section-boxed elementor-section-height-default elementor-section-items-middle\" data-id=\"b12e3cc\" data-element_type=\"section\">\n\t\t\t\t\t\t<div class=\"elementor-container elementor-column-gap-default\">\n\t\t\t\t\t<div class=\"elementor-column elementor-col-100 elementor-top-column elementor-element elementor-element-13e3fa2\" data-id=\"13e3fa2\" data-element_type=\"column\">\n\t\t\t<div class=\"elementor-widget-wrap elementor-element-populated\">\n\t\t\t\t\t\t<div class=\"elementor-element elementor-element-1bd3552 elementor-widget elementor-widget-text-editor\" data-id=\"1bd3552\" data-element_type=\"widget\" data-widget_type=\"text-editor.default\">\n\t\t\t\t<div class=\"elementor-widget-container\">\n\t\t\t\t\t\t\t<p>Au coeur du centre-ville de Cannes, \u00e0 deux pas de la Croisette r\u00e9side l&rsquo;h\u00f4tel Simone.<\/p><p>R\u00e9cemment r\u00e9nov\u00e9, le Studio a \u00e9t\u00e9 appel\u00e9 pour sublimer les espaces de l&rsquo;\u00e9tablissement, et mettre en sc\u00e8ne l&rsquo;exp\u00e9rience client haut de gamme en reprenant les codes des r\u00e9seaux sociaux.\u00a0<\/p>\t\t\t\t\t\t<\/div>\n\t\t\t\t<\/div>\n\t\t\t\t<div class=\"elementor-element elementor-element-4259b07 elementor-widget-divider--view-line elementor-widget elementor-widget-divider\" data-id=\"4259b07\" data-element_type=\"widget\" data-widget_type=\"divider.default\">\n\t\t\t\t<div class=\"elementor-widget-container\">\n\t\t\t\t\t<div class=\"elementor-divider\">\n\t\t\t<span class=\"elementor-divider-separator\">\n\t\t\t\t\t\t<\/span>\n\t\t<\/div>\n\t\t\t\t<\/div>\n\t\t\t\t<\/div>\n\t\t\t\t<div class=\"elementor-element elementor-element-b867537 elementor-widget elementor-widget-heading\" data-id=\"b867537\" data-element_type=\"widget\" data-widget_type=\"heading.default\">\n\t\t\t\t<div class=\"elementor-widget-container\">\n\t\t\t<h1 class=\"elementor-heading-title elementor-size-default\">photographie d'h\u00f4tel pour les r\u00e9seaux sociaux<\/h1>\t\t<\/div>\n\t\t\t\t<\/div>\n\t\t\t\t<div class=\"elementor-element elementor-element-e4bc377 elementor-widget elementor-widget-heading\" data-id=\"e4bc377\" data-element_type=\"widget\" data-widget_type=\"heading.default\">\n\t\t\t\t<div class=\"elementor-widget-container\">\n\t\t\t<h2 class=\"elementor-heading-title elementor-size-default\">Cannes H\u00f4tel Simone<\/h2>\t\t<\/div>\n\t\t\t\t<\/div>\n\t\t\t\t\t<\/div>\n\t\t<\/div>\n\t\t\t\t\t<\/div>\n\t\t<\/section>\n\t\t\t\t<section class=\"elementor-section elementor-top-section elementor-element elementor-element-10aa094 elementor-section-boxed elementor-section-height-default elementor-section-height-default\" data-id=\"10aa094\" data-element_type=\"section\">\n\t\t\t\t\t\t<div class=\"elementor-container elementor-column-gap-default\">\n\t\t\t\t\t<div class=\"elementor-column elementor-col-100 elementor-top-column elementor-element elementor-element-f07980f\" data-id=\"f07980f\" data-element_type=\"column\">\n\t\t\t<div class=\"elementor-widget-wrap elementor-element-populated\">\n\t\t\t\t\t\t<div class=\"elementor-element elementor-element-75ce30e elementor-widget elementor-widget-gallery\" data-id=\"75ce30e\" data-element_type=\"widget\" data-settings=\"{&quot;gallery_layout&quot;:&quot;justified&quot;,&quot;ideal_row_height&quot;:{&quot;unit&quot;:&quot;px&quot;,&quot;size&quot;:374,&quot;sizes&quot;:[]},&quot;gap&quot;:{&quot;unit&quot;:&quot;px&quot;,&quot;size&quot;:18,&quot;sizes&quot;:[]},&quot;ideal_row_height_tablet&quot;:{&quot;unit&quot;:&quot;px&quot;,&quot;size&quot;:248,&quot;sizes&quot;:[]},&quot;lazyload&quot;:&quot;yes&quot;,&quot;ideal_row_height_mobile&quot;:{&quot;unit&quot;:&quot;px&quot;,&quot;size&quot;:150,&quot;sizes&quot;:[]},&quot;gap_tablet&quot;:{&quot;unit&quot;:&quot;px&quot;,&quot;size&quot;:10,&quot;sizes&quot;:[]},&quot;gap_mobile&quot;:{&quot;unit&quot;:&quot;px&quot;,&quot;size&quot;:10,&quot;sizes&quot;:[]},&quot;link_to&quot;:&quot;file&quot;,&quot;overlay_background&quot;:&quot;yes&quot;,&quot;content_hover_animation&quot;:&quot;fade-in&quot;}\" data-widget_type=\"gallery.default\">\n\t\t\t\t<div class=\"elementor-widget-container\">\n\t\t\t\t\t<div class=\"elementor-gallery__container\">\n\t\t\t\t\t\t\t<a class=\"e-gallery-item elementor-gallery-item elementor-animated-content\" href=\"https:\/\/www.essense-studio.com\/wp-content\/uploads\/2023\/03\/photographe_pro_hotel_nice.jpg\" data-elementor-open-lightbox=\"yes\" data-elementor-lightbox-slideshow=\"75ce30e\" data-e-action-hash=\"#elementor-action%3Aaction%3Dlightbox%26settings%3DeyJpZCI6NDIzNywidXJsIjoiaHR0cHM6XC9cL3d3dy5lc3NlbnNlLXN0dWRpby5jb21cL3dwLWNvbnRlbnRcL3VwbG9hZHNcLzIwMjNcLzAzXC9waG90b2dyYXBoZV9wcm9faG90ZWxfbmljZS5qcGciLCJzbGlkZXNob3ciOiI3NWNlMzBlIn0%3D\">\n\t\t\t\t\t<div class=\"e-gallery-image elementor-gallery-item__image\" data-thumbnail=\"https:\/\/www.essense-studio.com\/wp-content\/uploads\/2023\/03\/photographe_pro_hotel_nice.jpg\" data-width=\"1700\" data-height=\"2550\" aria-label=\"\" role=\"img\" ><\/div>\n\t\t\t\t\t\t\t\t\t\t\t<div class=\"elementor-gallery-item__overlay\"><\/div>\n\t\t\t\t\t\t\t\t\t\t\t\t\t\t<\/a>\n\t\t\t\t\t\t\t<a class=\"e-gallery-item elementor-gallery-item elementor-animated-content\" href=\"https:\/\/www.essense-studio.com\/wp-content\/uploads\/2023\/08\/davidlbmodel.jpg\" data-elementor-open-lightbox=\"yes\" data-elementor-lightbox-slideshow=\"75ce30e\" data-e-action-hash=\"#elementor-action%3Aaction%3Dlightbox%26settings%3DeyJpZCI6NTA3NSwidXJsIjoiaHR0cHM6XC9cL3d3dy5lc3NlbnNlLXN0dWRpby5jb21cL3dwLWNvbnRlbnRcL3VwbG9hZHNcLzIwMjNcLzA4XC9kYXZpZGxibW9kZWwuanBnIiwic2xpZGVzaG93IjoiNzVjZTMwZSJ9\">\n\t\t\t\t\t<div class=\"e-gallery-image elementor-gallery-item__image\" data-thumbnail=\"https:\/\/www.essense-studio.com\/wp-content\/uploads\/2023\/08\/davidlbmodel.jpg\" data-width=\"1700\" data-height=\"2550\" aria-label=\"\" role=\"img\" ><\/div>\n\t\t\t\t\t\t\t\t\t\t\t<div class=\"elementor-gallery-item__overlay\"><\/div>\n\t\t\t\t\t\t\t\t\t\t\t\t\t\t<\/a>\n\t\t\t\t\t\t\t<a class=\"e-gallery-item elementor-gallery-item elementor-animated-content\" href=\"https:\/\/www.essense-studio.com\/wp-content\/uploads\/2022\/09\/restaurant_cannes.jpg\" data-elementor-open-lightbox=\"yes\" data-elementor-lightbox-slideshow=\"75ce30e\" data-e-action-hash=\"#elementor-action%3Aaction%3Dlightbox%26settings%3DeyJpZCI6MzE3MCwidXJsIjoiaHR0cHM6XC9cL3d3dy5lc3NlbnNlLXN0dWRpby5jb21cL3dwLWNvbnRlbnRcL3VwbG9hZHNcLzIwMjJcLzA5XC9yZXN0YXVyYW50X2Nhbm5lcy5qcGciLCJzbGlkZXNob3ciOiI3NWNlMzBlIn0%3D\">\n\t\t\t\t\t<div class=\"e-gallery-image elementor-gallery-item__image\" data-thumbnail=\"https:\/\/www.essense-studio.com\/wp-content\/uploads\/2022\/09\/restaurant_cannes.jpg\" data-width=\"1133\" data-height=\"1700\" aria-label=\"\" role=\"img\" ><\/div>\n\t\t\t\t\t\t\t\t\t\t\t<div class=\"elementor-gallery-item__overlay\"><\/div>\n\t\t\t\t\t\t\t\t\t\t\t\t\t\t<\/a>\n\t\t\t\t\t\t\t<a class=\"e-gallery-item elementor-gallery-item elementor-animated-content\" href=\"https:\/\/www.essense-studio.com\/wp-content\/uploads\/2022\/11\/photographe_specialise_hotel.jpg\" data-elementor-open-lightbox=\"yes\" data-elementor-lightbox-slideshow=\"75ce30e\" data-e-action-hash=\"#elementor-action%3Aaction%3Dlightbox%26settings%3DeyJpZCI6MzY0NSwidXJsIjoiaHR0cHM6XC9cL3d3dy5lc3NlbnNlLXN0dWRpby5jb21cL3dwLWNvbnRlbnRcL3VwbG9hZHNcLzIwMjJcLzExXC9waG90b2dyYXBoZV9zcGVjaWFsaXNlX2hvdGVsLmpwZyIsInNsaWRlc2hvdyI6Ijc1Y2UzMGUifQ%3D%3D\">\n\t\t\t\t\t<div class=\"e-gallery-image elementor-gallery-item__image\" data-thumbnail=\"https:\/\/www.essense-studio.com\/wp-content\/uploads\/2022\/11\/photographe_specialise_hotel.jpg\" data-width=\"1700\" data-height=\"2550\" aria-label=\"\" role=\"img\" ><\/div>\n\t\t\t\t\t\t\t\t\t\t\t<div class=\"elementor-gallery-item__overlay\"><\/div>\n\t\t\t\t\t\t\t\t\t\t\t\t\t\t<\/a>\n\t\t\t\t\t\t\t<a class=\"e-gallery-item elementor-gallery-item elementor-animated-content\" href=\"https:\/\/www.essense-studio.com\/wp-content\/uploads\/2023\/08\/cannes_hotel_simone.jpg\" data-elementor-open-lightbox=\"yes\" data-elementor-lightbox-slideshow=\"75ce30e\" data-e-action-hash=\"#elementor-action%3Aaction%3Dlightbox%26settings%3DeyJpZCI6NTA4MywidXJsIjoiaHR0cHM6XC9cL3d3dy5lc3NlbnNlLXN0dWRpby5jb21cL3dwLWNvbnRlbnRcL3VwbG9hZHNcLzIwMjNcLzA4XC9jYW5uZXNfaG90ZWxfc2ltb25lLmpwZyIsInNsaWRlc2hvdyI6Ijc1Y2UzMGUifQ%3D%3D\">\n\t\t\t\t\t<div class=\"e-gallery-image elementor-gallery-item__image\" data-thumbnail=\"https:\/\/www.essense-studio.com\/wp-content\/uploads\/2023\/08\/cannes_hotel_simone.jpg\" data-width=\"1700\" data-height=\"2550\" aria-label=\"\" role=\"img\" ><\/div>\n\t\t\t\t\t\t\t\t\t\t\t<div class=\"elementor-gallery-item__overlay\"><\/div>\n\t\t\t\t\t\t\t\t\t\t\t\t\t\t<\/a>\n\t\t\t\t\t\t\t<a class=\"e-gallery-item elementor-gallery-item elementor-animated-content\" href=\"https:\/\/www.essense-studio.com\/wp-content\/uploads\/2023\/08\/cannes_hotel.jpg\" data-elementor-open-lightbox=\"yes\" data-elementor-lightbox-slideshow=\"75ce30e\" data-e-action-hash=\"#elementor-action%3Aaction%3Dlightbox%26settings%3DeyJpZCI6NTA3MywidXJsIjoiaHR0cHM6XC9cL3d3dy5lc3NlbnNlLXN0dWRpby5jb21cL3dwLWNvbnRlbnRcL3VwbG9hZHNcLzIwMjNcLzA4XC9jYW5uZXNfaG90ZWwuanBnIiwic2xpZGVzaG93IjoiNzVjZTMwZSJ9\">\n\t\t\t\t\t<div class=\"e-gallery-image elementor-gallery-item__image\" data-thumbnail=\"https:\/\/www.essense-studio.com\/wp-content\/uploads\/2023\/08\/cannes_hotel.jpg\" data-width=\"1700\" data-height=\"2550\" aria-label=\"\" role=\"img\" ><\/div>\n\t\t\t\t\t\t\t\t\t\t\t<div class=\"elementor-gallery-item__overlay\"><\/div>\n\t\t\t\t\t\t\t\t\t\t\t\t\t\t<\/a>\n\t\t\t\t\t\t\t<a class=\"e-gallery-item elementor-gallery-item elementor-animated-content\" href=\"https:\/\/www.essense-studio.com\/wp-content\/uploads\/2022\/09\/restaurant_photographe_nice.jpg\" data-elementor-open-lightbox=\"yes\" data-elementor-lightbox-slideshow=\"75ce30e\" data-e-action-hash=\"#elementor-action%3Aaction%3Dlightbox%26settings%3DeyJpZCI6MzE3NCwidXJsIjoiaHR0cHM6XC9cL3d3dy5lc3NlbnNlLXN0dWRpby5jb21cL3dwLWNvbnRlbnRcL3VwbG9hZHNcLzIwMjJcLzA5XC9yZXN0YXVyYW50X3Bob3RvZ3JhcGhlX25pY2UuanBnIiwic2xpZGVzaG93IjoiNzVjZTMwZSJ9\">\n\t\t\t\t\t<div class=\"e-gallery-image elementor-gallery-item__image\" data-thumbnail=\"https:\/\/www.essense-studio.com\/wp-content\/uploads\/2022\/09\/restaurant_photographe_nice.jpg\" data-width=\"1133\" data-height=\"1700\" aria-label=\"\" role=\"img\" ><\/div>\n\t\t\t\t\t\t\t\t\t\t\t<div class=\"elementor-gallery-item__overlay\"><\/div>\n\t\t\t\t\t\t\t\t\t\t\t\t\t\t<\/a>\n\t\t\t\t\t\t\t<a class=\"e-gallery-item elementor-gallery-item elementor-animated-content\" href=\"https:\/\/www.essense-studio.com\/wp-content\/uploads\/2023\/08\/davidlbmodel_cannes.jpg\" data-elementor-open-lightbox=\"yes\" data-elementor-lightbox-slideshow=\"75ce30e\" data-e-action-hash=\"#elementor-action%3Aaction%3Dlightbox%26settings%3DeyJpZCI6NTA3NCwidXJsIjoiaHR0cHM6XC9cL3d3dy5lc3NlbnNlLXN0dWRpby5jb21cL3dwLWNvbnRlbnRcL3VwbG9hZHNcLzIwMjNcLzA4XC9kYXZpZGxibW9kZWxfY2FubmVzLmpwZyIsInNsaWRlc2hvdyI6Ijc1Y2UzMGUifQ%3D%3D\">\n\t\t\t\t\t<div class=\"e-gallery-image elementor-gallery-item__image\" data-thumbnail=\"https:\/\/www.essense-studio.com\/wp-content\/uploads\/2023\/08\/davidlbmodel_cannes.jpg\" data-width=\"1700\" data-height=\"2550\" aria-label=\"\" role=\"img\" ><\/div>\n\t\t\t\t\t\t\t\t\t\t\t<div class=\"elementor-gallery-item__overlay\"><\/div>\n\t\t\t\t\t\t\t\t\t\t\t\t\t\t<\/a>\n\t\t\t\t\t\t\t<a class=\"e-gallery-item elementor-gallery-item elementor-animated-content\" href=\"https:\/\/www.essense-studio.com\/wp-content\/uploads\/2023\/08\/photographe_essense_studio.jpg\" data-elementor-open-lightbox=\"yes\" data-elementor-lightbox-slideshow=\"75ce30e\" data-e-action-hash=\"#elementor-action%3Aaction%3Dlightbox%26settings%3DeyJpZCI6NTA3OSwidXJsIjoiaHR0cHM6XC9cL3d3dy5lc3NlbnNlLXN0dWRpby5jb21cL3dwLWNvbnRlbnRcL3VwbG9hZHNcLzIwMjNcLzA4XC9waG90b2dyYXBoZV9lc3NlbnNlX3N0dWRpby5qcGciLCJzbGlkZXNob3ciOiI3NWNlMzBlIn0%3D\">\n\t\t\t\t\t<div class=\"e-gallery-image elementor-gallery-item__image\" data-thumbnail=\"https:\/\/www.essense-studio.com\/wp-content\/uploads\/2023\/08\/photographe_essense_studio.jpg\" data-width=\"1700\" data-height=\"2550\" aria-label=\"\" role=\"img\" ><\/div>\n\t\t\t\t\t\t\t\t\t\t\t<div class=\"elementor-gallery-item__overlay\"><\/div>\n\t\t\t\t\t\t\t\t\t\t\t\t\t\t<\/a>\n\t\t\t\t\t\t\t<a class=\"e-gallery-item elementor-gallery-item elementor-animated-content\" href=\"https:\/\/www.essense-studio.com\/wp-content\/uploads\/2023\/08\/lifestyle_cannes_shooting.jpg\" data-elementor-open-lightbox=\"yes\" data-elementor-lightbox-slideshow=\"75ce30e\" data-e-action-hash=\"#elementor-action%3Aaction%3Dlightbox%26settings%3DeyJpZCI6NTA4MCwidXJsIjoiaHR0cHM6XC9cL3d3dy5lc3NlbnNlLXN0dWRpby5jb21cL3dwLWNvbnRlbnRcL3VwbG9hZHNcLzIwMjNcLzA4XC9saWZlc3R5bGVfY2FubmVzX3Nob290aW5nLmpwZyIsInNsaWRlc2hvdyI6Ijc1Y2UzMGUifQ%3D%3D\">\n\t\t\t\t\t<div class=\"e-gallery-image elementor-gallery-item__image\" data-thumbnail=\"https:\/\/www.essense-studio.com\/wp-content\/uploads\/2023\/08\/lifestyle_cannes_shooting.jpg\" data-width=\"1700\" data-height=\"2550\" aria-label=\"\" role=\"img\" ><\/div>\n\t\t\t\t\t\t\t\t\t\t\t<div class=\"elementor-gallery-item__overlay\"><\/div>\n\t\t\t\t\t\t\t\t\t\t\t\t\t\t<\/a>\n\t\t\t\t\t\t\t<a class=\"e-gallery-item elementor-gallery-item elementor-animated-content\" href=\"https:\/\/www.essense-studio.com\/wp-content\/uploads\/2023\/08\/cannes_carlton.jpg\" data-elementor-open-lightbox=\"yes\" data-elementor-lightbox-slideshow=\"75ce30e\" data-e-action-hash=\"#elementor-action%3Aaction%3Dlightbox%26settings%3DeyJpZCI6NTA4MiwidXJsIjoiaHR0cHM6XC9cL3d3dy5lc3NlbnNlLXN0dWRpby5jb21cL3dwLWNvbnRlbnRcL3VwbG9hZHNcLzIwMjNcLzA4XC9jYW5uZXNfY2FybHRvbi5qcGciLCJzbGlkZXNob3ciOiI3NWNlMzBlIn0%3D\">\n\t\t\t\t\t<div class=\"e-gallery-image elementor-gallery-item__image\" data-thumbnail=\"https:\/\/www.essense-studio.com\/wp-content\/uploads\/2023\/08\/cannes_carlton.jpg\" data-width=\"1700\" data-height=\"2550\" aria-label=\"\" role=\"img\" ><\/div>\n\t\t\t\t\t\t\t\t\t\t\t<div class=\"elementor-gallery-item__overlay\"><\/div>\n\t\t\t\t\t\t\t\t\t\t\t\t\t\t<\/a>\n\t\t\t\t\t\t\t<a class=\"e-gallery-item elementor-gallery-item elementor-animated-content\" href=\"https:\/\/www.essense-studio.com\/wp-content\/uploads\/2023\/08\/cannes_photographe.jpg\" data-elementor-open-lightbox=\"yes\" data-elementor-lightbox-slideshow=\"75ce30e\" data-e-action-hash=\"#elementor-action%3Aaction%3Dlightbox%26settings%3DeyJpZCI6NTA4NCwidXJsIjoiaHR0cHM6XC9cL3d3dy5lc3NlbnNlLXN0dWRpby5jb21cL3dwLWNvbnRlbnRcL3VwbG9hZHNcLzIwMjNcLzA4XC9jYW5uZXNfcGhvdG9ncmFwaGUuanBnIiwic2xpZGVzaG93IjoiNzVjZTMwZSJ9\">\n\t\t\t\t\t<div class=\"e-gallery-image elementor-gallery-item__image\" data-thumbnail=\"https:\/\/www.essense-studio.com\/wp-content\/uploads\/2023\/08\/cannes_photographe.jpg\" data-width=\"1700\" data-height=\"2550\" aria-label=\"\" role=\"img\" ><\/div>\n\t\t\t\t\t\t\t\t\t\t\t<div class=\"elementor-gallery-item__overlay\"><\/div>\n\t\t\t\t\t\t\t\t\t\t\t\t\t\t<\/a>\n\t\t\t\t\t<\/div>\n\t\t\t<\/div>\n\t\t\t\t<\/div>\n\t\t\t\t\t<\/div>\n\t\t<\/div>\n\t\t\t\t\t<\/div>\n\t\t<\/section>\n\t\t\t\t<section class=\"elementor-section elementor-top-section elementor-element elementor-element-2a117442 elementor-section-content-middle elementor-section-boxed elementor-section-height-default elementor-section-height-default\" data-id=\"2a117442\" data-element_type=\"section\">\n\t\t\t\t\t\t<div class=\"elementor-container elementor-column-gap-no\">\n\t\t\t\t\t<div class=\"elementor-column elementor-col-50 elementor-top-column elementor-element elementor-element-3dc2c012\" data-id=\"3dc2c012\" data-element_type=\"column\">\n\t\t\t<div class=\"elementor-widget-wrap elementor-element-populated\">\n\t\t\t\t\t\t<div class=\"elementor-element elementor-element-5bc64c90 elementor-widget-divider--view-line elementor-widget elementor-widget-divider\" data-id=\"5bc64c90\" data-element_type=\"widget\" data-widget_type=\"divider.default\">\n\t\t\t\t<div class=\"elementor-widget-container\">\n\t\t\t\t\t<div class=\"elementor-divider\">\n\t\t\t<span class=\"elementor-divider-separator\">\n\t\t\t\t\t\t<\/span>\n\t\t<\/div>\n\t\t\t\t<\/div>\n\t\t\t\t<\/div>\n\t\t\t\t<div class=\"elementor-element elementor-element-52c31074 elementor-widget elementor-widget-heading\" data-id=\"52c31074\" data-element_type=\"widget\" data-widget_type=\"heading.default\">\n\t\t\t\t<div class=\"elementor-widget-container\">\n\t\t\t<h4 class=\"elementor-heading-title elementor-size-default\">Projet similaire ?<\/h4>\t\t<\/div>\n\t\t\t\t<\/div>\n\t\t\t\t\t<\/div>\n\t\t<\/div>\n\t\t\t\t<div class=\"elementor-column elementor-col-50 elementor-top-column elementor-element elementor-element-110ae8a6\" data-id=\"110ae8a6\" data-element_type=\"column\">\n\t\t\t<div class=\"elementor-widget-wrap elementor-element-populated\">\n\t\t\t\t\t\t<div class=\"elementor-element elementor-element-b6f5bee elementor-widget elementor-widget-text-editor\" data-id=\"b6f5bee\" data-element_type=\"widget\" data-widget_type=\"text-editor.default\">\n\t\t\t\t<div class=\"elementor-widget-container\">\n\t\t\t\t\t\t\t<p>Discutons-en ! Nous pourrons s\u00fbrement vous apporter la solution sur-mesure que n\u00e9cessite votre besoin en cr\u00e9ation de contenu.<\/p>\t\t\t\t\t\t<\/div>\n\t\t\t\t<\/div>\n\t\t\t\t\t<\/div>\n\t\t<\/div>\n\t\t\t\t\t<\/div>\n\t\t<\/section>\n\t\t\t\t<\/div>","protected":false},"excerpt":{"rendered":"<p>Au coeur du centre-ville de Cannes, \u00e0 deux pas de la Croisette r\u00e9side l&rsquo;h\u00f4tel Simone. R\u00e9cemment r\u00e9nov\u00e9, le Studio a \u00e9t\u00e9 appel\u00e9 pour sublimer les espaces de l&rsquo;\u00e9tablissement, et mettre en sc\u00e8ne l&rsquo;exp\u00e9rience client haut de gamme en reprenant les codes des r\u00e9seaux sociaux.\u00a0 photographie d&rsquo;h\u00f4tel pour les r\u00e9seaux sociaux Cannes H\u00f4tel Simone Projet similaire [&hellip;]<\/p>","protected":false},"author":2,"featured_media":0,"parent":0,"menu_order":0,"comment_status":"closed","ping_status":"closed","template":"","meta":{"footnotes":""},"class_list":["post-5070","page","type-page","status-publish","hentry"],"yoast_head":"<!-- This site is optimized with the Yoast SEO plugin v22.7 - https:\/\/yoast.com\/wordpress\/plugins\/seo\/ -->\n<title>Shooting photo Cannes H\u00f4tel Simone - Essense studio<\/title>\n<meta name=\"description\" content=\"Studio freelance expert en communication digitale \u00e0 Marseille et sp\u00e9cialis\u00e9 dans les r\u00e9seaux sociaux et la photo produit pour \u00eatre visible sur internet.\" \/>\n<meta name=\"robots\" content=\"index, follow, max-snippet:-1, max-image-preview:large, max-video-preview:-1\" \/>\n<link rel=\"canonical\" href=\"https:\/\/www.essense-studio.com\/en\/shooting-photo-cannes-hotel-simone\/\" \/>\n<meta property=\"og:locale\" content=\"en_GB\" \/>\n<meta property=\"og:type\" content=\"article\" \/>\n<meta property=\"og:title\" content=\"Shooting photo Cannes H\u00f4tel Simone - Essense studio\" \/>\n<meta property=\"og:description\" content=\"Studio freelance expert en communication digitale \u00e0 Marseille et sp\u00e9cialis\u00e9 dans les r\u00e9seaux sociaux et la photo produit pour \u00eatre visible sur internet.\" \/>\n<meta property=\"og:url\" content=\"https:\/\/www.essense-studio.com\/en\/shooting-photo-cannes-hotel-simone\/\" \/>\n<meta property=\"og:site_name\" content=\"Essense studio\" \/>\n<meta property=\"article:modified_time\" content=\"2023-08-15T10:25:03+00:00\" \/>\n<meta name=\"twitter:card\" content=\"summary_large_image\" \/>\n<meta name=\"twitter:label1\" content=\"Estimated reading time\" \/>\n\t<meta name=\"twitter:data1\" content=\"1 minute\" \/>\n<script type=\"application\/ld+json\" class=\"yoast-schema-graph\">{\"@context\":\"https:\/\/schema.org\",\"@graph\":[{\"@type\":\"WebPage\",\"@id\":\"https:\/\/www.essense-studio.com\/shooting-photo-cannes-hotel-simone\/\",\"url\":\"https:\/\/www.essense-studio.com\/shooting-photo-cannes-hotel-simone\/\",\"name\":\"Shooting photo Cannes H\u00f4tel Simone - Essense studio\",\"isPartOf\":{\"@id\":\"https:\/\/www.essense-studio.com\/#website\"},\"datePublished\":\"2023-08-15T10:10:13+00:00\",\"dateModified\":\"2023-08-15T10:25:03+00:00\",\"description\":\"Studio freelance expert en communication digitale \u00e0 Marseille et sp\u00e9cialis\u00e9 dans les r\u00e9seaux sociaux et la photo produit pour \u00eatre visible sur internet.\",\"breadcrumb\":{\"@id\":\"https:\/\/www.essense-studio.com\/shooting-photo-cannes-hotel-simone\/#breadcrumb\"},\"inLanguage\":\"en-GB\",\"potentialAction\":[{\"@type\":\"ReadAction\",\"target\":[\"https:\/\/www.essense-studio.com\/shooting-photo-cannes-hotel-simone\/\"]}]},{\"@type\":\"BreadcrumbList\",\"@id\":\"https:\/\/www.essense-studio.com\/shooting-photo-cannes-hotel-simone\/#breadcrumb\",\"itemListElement\":[{\"@type\":\"ListItem\",\"position\":1,\"name\":\"Accueil\",\"item\":\"https:\/\/www.essense-studio.com\/\"},{\"@type\":\"ListItem\",\"position\":2,\"name\":\"Shooting photo Cannes H\u00f4tel Simone\"}]},{\"@type\":\"WebSite\",\"@id\":\"https:\/\/www.essense-studio.com\/#website\",\"url\":\"https:\/\/www.essense-studio.com\/\",\"name\":\"Essense studio\",\"description\":\"Agence brand content - social media Marseille\",\"publisher\":{\"@id\":\"https:\/\/www.essense-studio.com\/#organization\"},\"potentialAction\":[{\"@type\":\"SearchAction\",\"target\":{\"@type\":\"EntryPoint\",\"urlTemplate\":\"https:\/\/www.essense-studio.com\/?s={search_term_string}\"},\"query-input\":\"required name=search_term_string\"}],\"inLanguage\":\"en-GB\"},{\"@type\":\"Organization\",\"@id\":\"https:\/\/www.essense-studio.com\/#organization\",\"name\":\"Essense studio\",\"url\":\"https:\/\/www.essense-studio.com\/\",\"logo\":{\"@type\":\"ImageObject\",\"inLanguage\":\"en-GB\",\"@id\":\"https:\/\/www.essense-studio.com\/#\/schema\/logo\/image\/\",\"url\":\"\",\"contentUrl\":\"\",\"caption\":\"Essense studio\"},\"image\":{\"@id\":\"https:\/\/www.essense-studio.com\/#\/schema\/logo\/image\/\"}}]}<\/script>\n<!-- \/ Yoast SEO plugin. -->","yoast_head_json":{"title":"Shooting photo Cannes H\u00f4tel Simone - Essense studio","description":"Studio freelance expert en communication digitale \u00e0 Marseille et sp\u00e9cialis\u00e9 dans les r\u00e9seaux sociaux et la photo produit pour \u00eatre visible sur internet.","robots":{"index":"index","follow":"follow","max-snippet":"max-snippet:-1","max-image-preview":"max-image-preview:large","max-video-preview":"max-video-preview:-1"},"canonical":"https:\/\/www.essense-studio.com\/en\/shooting-photo-cannes-hotel-simone\/","og_locale":"en_GB","og_type":"article","og_title":"Shooting photo Cannes H\u00f4tel Simone - Essense studio","og_description":"Studio freelance expert en communication digitale \u00e0 Marseille et sp\u00e9cialis\u00e9 dans les r\u00e9seaux sociaux et la photo produit pour \u00eatre visible sur internet.","og_url":"https:\/\/www.essense-studio.com\/en\/shooting-photo-cannes-hotel-simone\/","og_site_name":"Essense studio","article_modified_time":"2023-08-15T10:25:03+00:00","twitter_card":"summary_large_image","twitter_misc":{"Estimated reading time":"1 minute"},"schema":{"@context":"https:\/\/schema.org","@graph":[{"@type":"WebPage","@id":"https:\/\/www.essense-studio.com\/shooting-photo-cannes-hotel-simone\/","url":"https:\/\/www.essense-studio.com\/shooting-photo-cannes-hotel-simone\/","name":"Shooting photo Cannes H\u00f4tel Simone - Essense studio","isPartOf":{"@id":"https:\/\/www.essense-studio.com\/#website"},"datePublished":"2023-08-15T10:10:13+00:00","dateModified":"2023-08-15T10:25:03+00:00","description":"Studio freelance expert en communication digitale \u00e0 Marseille et sp\u00e9cialis\u00e9 dans les r\u00e9seaux sociaux et la photo produit pour \u00eatre visible sur internet.","breadcrumb":{"@id":"https:\/\/www.essense-studio.com\/shooting-photo-cannes-hotel-simone\/#breadcrumb"},"inLanguage":"en-GB","potentialAction":[{"@type":"ReadAction","target":["https:\/\/www.essense-studio.com\/shooting-photo-cannes-hotel-simone\/"]}]},{"@type":"BreadcrumbList","@id":"https:\/\/www.essense-studio.com\/shooting-photo-cannes-hotel-simone\/#breadcrumb","itemListElement":[{"@type":"ListItem","position":1,"name":"Accueil","item":"https:\/\/www.essense-studio.com\/"},{"@type":"ListItem","position":2,"name":"Shooting photo Cannes H\u00f4tel Simone"}]},{"@type":"WebSite","@id":"https:\/\/www.essense-studio.com\/#website","url":"https:\/\/www.essense-studio.com\/","name":"Essense studio","description":"Agence brand content - social media Marseille","publisher":{"@id":"https:\/\/www.essense-studio.com\/#organization"},"potentialAction":[{"@type":"SearchAction","target":{"@type":"EntryPoint","urlTemplate":"https:\/\/www.essense-studio.com\/?s={search_term_string}"},"query-input":"required name=search_term_string"}],"inLanguage":"en-GB"},{"@type":"Organization","@id":"https:\/\/www.essense-studio.com\/#organization","name":"Essense studio","url":"https:\/\/www.essense-studio.com\/","logo":{"@type":"ImageObject","inLanguage":"en-GB","@id":"https:\/\/www.essense-studio.com\/#\/schema\/logo\/image\/","url":"","contentUrl":"","caption":"Essense studio"},"image":{"@id":"https:\/\/www.essense-studio.com\/#\/schema\/logo\/image\/"}}]}},"_links":{"self":[{"href":"https:\/\/www.essense-studio.com\/en\/wp-json\/wp\/v2\/pages\/5070","targetHints":{"allow":["GET"]}}],"collection":[{"href":"https:\/\/www.essense-studio.com\/en\/wp-json\/wp\/v2\/pages"}],"about":[{"href":"https:\/\/www.essense-studio.com\/en\/wp-json\/wp\/v2\/types\/page"}],"author":[{"embeddable":true,"href":"https:\/\/www.essense-studio.com\/en\/wp-json\/wp\/v2\/users\/2"}],"replies":[{"embeddable":true,"href":"https:\/\/www.essense-studio.com\/en\/wp-json\/wp\/v2\/comments?post=5070"}],"version-history":[{"count":8,"href":"https:\/\/www.essense-studio.com\/en\/wp-json\/wp\/v2\/pages\/5070\/revisions"}],"predecessor-version":[{"id":5087,"href":"https:\/\/www.essense-studio.com\/en\/wp-json\/wp\/v2\/pages\/5070\/revisions\/5087"}],"wp:attachment":[{"href":"https:\/\/www.essense-studio.com\/en\/wp-json\/wp\/v2\/media?parent=5070"}],"curies":[{"name":"wp","href":"https:\/\/api.w.org\/{rel}","templated":true}]}}