{"id":5277,"date":"2023-08-15T16:58:59","date_gmt":"2023-08-15T14:58:59","guid":{"rendered":"https:\/\/www.essense-studio.com\/?page_id=5277"},"modified":"2023-08-15T17:02:49","modified_gmt":"2023-08-15T15:02:49","slug":"shooting-photo-yves-rocher","status":"publish","type":"page","link":"https:\/\/www.essense-studio.com\/en\/shooting-photo-yves-rocher\/","title":{"rendered":"Shooting photo Yves Rocher"},"content":{"rendered":"<div data-elementor-type=\"wp-page\" data-elementor-id=\"5277\" class=\"elementor elementor-5277\" data-elementor-post-type=\"page\">\n\t\t\t\t\t\t<section class=\"elementor-section elementor-top-section elementor-element elementor-element-b12e3cc elementor-section-height-min-height elementor-section-boxed elementor-section-height-default elementor-section-items-middle\" data-id=\"b12e3cc\" data-element_type=\"section\">\n\t\t\t\t\t\t<div class=\"elementor-container elementor-column-gap-default\">\n\t\t\t\t\t<div class=\"elementor-column elementor-col-100 elementor-top-column elementor-element elementor-element-13e3fa2\" data-id=\"13e3fa2\" data-element_type=\"column\">\n\t\t\t<div class=\"elementor-widget-wrap elementor-element-populated\">\n\t\t\t\t\t\t<div class=\"elementor-element elementor-element-1bd3552 elementor-widget elementor-widget-text-editor\" data-id=\"1bd3552\" data-element_type=\"widget\" data-widget_type=\"text-editor.default\">\n\t\t\t\t<div class=\"elementor-widget-container\">\n\t\t\t\t\t\t\t<p>D\u00e9monstration de quelques projets en studio de l&rsquo;univers beaut\u00e9<\/p>\t\t\t\t\t\t<\/div>\n\t\t\t\t<\/div>\n\t\t\t\t<div class=\"elementor-element elementor-element-4259b07 elementor-widget-divider--view-line elementor-widget elementor-widget-divider\" data-id=\"4259b07\" data-element_type=\"widget\" data-widget_type=\"divider.default\">\n\t\t\t\t<div class=\"elementor-widget-container\">\n\t\t\t\t\t<div class=\"elementor-divider\">\n\t\t\t<span class=\"elementor-divider-separator\">\n\t\t\t\t\t\t<\/span>\n\t\t<\/div>\n\t\t\t\t<\/div>\n\t\t\t\t<\/div>\n\t\t\t\t<div class=\"elementor-element elementor-element-b867537 elementor-widget elementor-widget-heading\" data-id=\"b867537\" data-element_type=\"widget\" data-widget_type=\"heading.default\">\n\t\t\t\t<div class=\"elementor-widget-container\">\n\t\t\t<h1 class=\"elementor-heading-title elementor-size-default\">photographie publicitaire pour les r\u00e9seaux sociaux.<\/h1>\t\t<\/div>\n\t\t\t\t<\/div>\n\t\t\t\t<div class=\"elementor-element elementor-element-e4bc377 elementor-widget elementor-widget-heading\" data-id=\"e4bc377\" data-element_type=\"widget\" data-widget_type=\"heading.default\">\n\t\t\t\t<div class=\"elementor-widget-container\">\n\t\t\t<h2 class=\"elementor-heading-title elementor-size-default\">Univers beaut\u00e9<\/h2>\t\t<\/div>\n\t\t\t\t<\/div>\n\t\t\t\t\t<\/div>\n\t\t<\/div>\n\t\t\t\t\t<\/div>\n\t\t<\/section>\n\t\t\t\t<section class=\"elementor-section elementor-top-section elementor-element elementor-element-10aa094 elementor-section-boxed elementor-section-height-default elementor-section-height-default\" data-id=\"10aa094\" data-element_type=\"section\">\n\t\t\t\t\t\t<div class=\"elementor-container elementor-column-gap-default\">\n\t\t\t\t\t<div class=\"elementor-column elementor-col-100 elementor-top-column elementor-element elementor-element-f07980f\" data-id=\"f07980f\" data-element_type=\"column\">\n\t\t\t<div class=\"elementor-widget-wrap elementor-element-populated\">\n\t\t\t\t\t\t<div class=\"elementor-element elementor-element-75ce30e elementor-widget elementor-widget-gallery\" data-id=\"75ce30e\" data-element_type=\"widget\" data-settings=\"{&quot;gallery_layout&quot;:&quot;justified&quot;,&quot;ideal_row_height&quot;:{&quot;unit&quot;:&quot;px&quot;,&quot;size&quot;:425,&quot;sizes&quot;:[]},&quot;gap&quot;:{&quot;unit&quot;:&quot;px&quot;,&quot;size&quot;:18,&quot;sizes&quot;:[]},&quot;ideal_row_height_tablet&quot;:{&quot;unit&quot;:&quot;px&quot;,&quot;size&quot;:248,&quot;sizes&quot;:[]},&quot;lazyload&quot;:&quot;yes&quot;,&quot;ideal_row_height_mobile&quot;:{&quot;unit&quot;:&quot;px&quot;,&quot;size&quot;:150,&quot;sizes&quot;:[]},&quot;gap_tablet&quot;:{&quot;unit&quot;:&quot;px&quot;,&quot;size&quot;:10,&quot;sizes&quot;:[]},&quot;gap_mobile&quot;:{&quot;unit&quot;:&quot;px&quot;,&quot;size&quot;:10,&quot;sizes&quot;:[]},&quot;link_to&quot;:&quot;file&quot;,&quot;overlay_background&quot;:&quot;yes&quot;,&quot;content_hover_animation&quot;:&quot;fade-in&quot;}\" data-widget_type=\"gallery.default\">\n\t\t\t\t<div class=\"elementor-widget-container\">\n\t\t\t\t\t<div class=\"elementor-gallery__container\">\n\t\t\t\t\t\t\t<a class=\"e-gallery-item elementor-gallery-item elementor-animated-content\" href=\"https:\/\/www.essense-studio.com\/wp-content\/uploads\/2021\/07\/photographe-produit-boutique-marseille-studio-1.jpg\" data-elementor-open-lightbox=\"yes\" data-elementor-lightbox-slideshow=\"75ce30e\" data-e-action-hash=\"#elementor-action%3Aaction%3Dlightbox%26settings%3DeyJpZCI6NzkyLCJ1cmwiOiJodHRwczpcL1wvd3d3LmVzc2Vuc2Utc3R1ZGlvLmNvbVwvd3AtY29udGVudFwvdXBsb2Fkc1wvMjAyMVwvMDdcL3Bob3RvZ3JhcGhlLXByb2R1aXQtYm91dGlxdWUtbWFyc2VpbGxlLXN0dWRpby0xLmpwZyIsInNsaWRlc2hvdyI6Ijc1Y2UzMGUifQ%3D%3D\">\n\t\t\t\t\t<div class=\"e-gallery-image elementor-gallery-item__image\" data-thumbnail=\"https:\/\/www.essense-studio.com\/wp-content\/uploads\/2021\/07\/photographe-produit-boutique-marseille-studio-1.jpg\" data-width=\"1600\" data-height=\"2000\" aria-label=\"photographe marque yves rocher beauty studio publicitaire marseille\" role=\"img\" ><\/div>\n\t\t\t\t\t\t\t\t\t\t\t<div class=\"elementor-gallery-item__overlay\"><\/div>\n\t\t\t\t\t\t\t\t\t\t\t\t\t\t<\/a>\n\t\t\t\t\t\t\t<a class=\"e-gallery-item elementor-gallery-item elementor-animated-content\" href=\"https:\/\/www.essense-studio.com\/wp-content\/uploads\/2021\/07\/nuxe-photography.jpg\" data-elementor-open-lightbox=\"yes\" data-elementor-lightbox-slideshow=\"75ce30e\" data-e-action-hash=\"#elementor-action%3Aaction%3Dlightbox%26settings%3DeyJpZCI6Nzg5LCJ1cmwiOiJodHRwczpcL1wvd3d3LmVzc2Vuc2Utc3R1ZGlvLmNvbVwvd3AtY29udGVudFwvdXBsb2Fkc1wvMjAyMVwvMDdcL251eGUtcGhvdG9ncmFwaHkuanBnIiwic2xpZGVzaG93IjoiNzVjZTMwZSJ9\">\n\t\t\t\t\t<div class=\"e-gallery-image elementor-gallery-item__image\" data-thumbnail=\"https:\/\/www.essense-studio.com\/wp-content\/uploads\/2021\/07\/nuxe-photography.jpg\" data-width=\"1333\" data-height=\"2000\" aria-label=\"photographe marque nuxe beauty studio publicitaire marseille\" role=\"img\" ><\/div>\n\t\t\t\t\t\t\t\t\t\t\t<div class=\"elementor-gallery-item__overlay\"><\/div>\n\t\t\t\t\t\t\t\t\t\t\t\t\t\t<\/a>\n\t\t\t\t\t\t\t<a class=\"e-gallery-item elementor-gallery-item elementor-animated-content\" href=\"https:\/\/www.essense-studio.com\/wp-content\/uploads\/2021\/08\/nuxe-beauty-shot-photography.jpg\" data-elementor-open-lightbox=\"yes\" data-elementor-lightbox-slideshow=\"75ce30e\" data-e-action-hash=\"#elementor-action%3Aaction%3Dlightbox%26settings%3DeyJpZCI6OTI1LCJ1cmwiOiJodHRwczpcL1wvd3d3LmVzc2Vuc2Utc3R1ZGlvLmNvbVwvd3AtY29udGVudFwvdXBsb2Fkc1wvMjAyMVwvMDhcL251eGUtYmVhdXR5LXNob3QtcGhvdG9ncmFwaHkuanBnIiwic2xpZGVzaG93IjoiNzVjZTMwZSJ9\">\n\t\t\t\t\t<div class=\"e-gallery-image elementor-gallery-item__image\" data-thumbnail=\"https:\/\/www.essense-studio.com\/wp-content\/uploads\/2021\/08\/nuxe-beauty-shot-photography.jpg\" data-width=\"1333\" data-height=\"2000\" aria-label=\"photographe marque nuxe beauty studio publicitaire marseille\" role=\"img\" ><\/div>\n\t\t\t\t\t\t\t\t\t\t\t<div class=\"elementor-gallery-item__overlay\"><\/div>\n\t\t\t\t\t\t\t\t\t\t\t\t\t\t<\/a>\n\t\t\t\t\t\t\t<a class=\"e-gallery-item elementor-gallery-item elementor-animated-content\" href=\"https:\/\/www.essense-studio.com\/wp-content\/uploads\/2021\/08\/nuxe-photography-beauty-shot.jpg\" data-elementor-open-lightbox=\"yes\" data-elementor-lightbox-slideshow=\"75ce30e\" data-e-action-hash=\"#elementor-action%3Aaction%3Dlightbox%26settings%3DeyJpZCI6OTM3LCJ1cmwiOiJodHRwczpcL1wvd3d3LmVzc2Vuc2Utc3R1ZGlvLmNvbVwvd3AtY29udGVudFwvdXBsb2Fkc1wvMjAyMVwvMDhcL251eGUtcGhvdG9ncmFwaHktYmVhdXR5LXNob3QuanBnIiwic2xpZGVzaG93IjoiNzVjZTMwZSJ9\">\n\t\t\t\t\t<div class=\"e-gallery-image elementor-gallery-item__image\" data-thumbnail=\"https:\/\/www.essense-studio.com\/wp-content\/uploads\/2021\/08\/nuxe-photography-beauty-shot.jpg\" data-width=\"1333\" data-height=\"2000\" aria-label=\"photographe marque nuxe beauty studio publicitaire marseille\" role=\"img\" ><\/div>\n\t\t\t\t\t\t\t\t\t\t\t<div class=\"elementor-gallery-item__overlay\"><\/div>\n\t\t\t\t\t\t\t\t\t\t\t\t\t\t<\/a>\n\t\t\t\t\t\t\t<a class=\"e-gallery-item elementor-gallery-item elementor-animated-content\" href=\"https:\/\/www.essense-studio.com\/wp-content\/uploads\/2021\/08\/commercial-photographer-beauty.jpg\" data-elementor-open-lightbox=\"yes\" data-elementor-lightbox-slideshow=\"75ce30e\" data-e-action-hash=\"#elementor-action%3Aaction%3Dlightbox%26settings%3DeyJpZCI6OTQ2LCJ1cmwiOiJodHRwczpcL1wvd3d3LmVzc2Vuc2Utc3R1ZGlvLmNvbVwvd3AtY29udGVudFwvdXBsb2Fkc1wvMjAyMVwvMDhcL2NvbW1lcmNpYWwtcGhvdG9ncmFwaGVyLWJlYXV0eS5qcGciLCJzbGlkZXNob3ciOiI3NWNlMzBlIn0%3D\">\n\t\t\t\t\t<div class=\"e-gallery-image elementor-gallery-item__image\" data-thumbnail=\"https:\/\/www.essense-studio.com\/wp-content\/uploads\/2021\/08\/commercial-photographer-beauty.jpg\" data-width=\"1333\" data-height=\"2000\" aria-label=\"photographe marque beauty studio publicitaire marseille\" role=\"img\" ><\/div>\n\t\t\t\t\t\t\t\t\t\t\t<div class=\"elementor-gallery-item__overlay\"><\/div>\n\t\t\t\t\t\t\t\t\t\t\t\t\t\t<\/a>\n\t\t\t\t\t\t\t<a class=\"e-gallery-item elementor-gallery-item elementor-animated-content\" href=\"https:\/\/www.essense-studio.com\/wp-content\/uploads\/2021\/08\/nuxe-beauty-shot-photo.jpg\" data-elementor-open-lightbox=\"yes\" data-elementor-lightbox-slideshow=\"75ce30e\" data-e-action-hash=\"#elementor-action%3Aaction%3Dlightbox%26settings%3DeyJpZCI6OTI3LCJ1cmwiOiJodHRwczpcL1wvd3d3LmVzc2Vuc2Utc3R1ZGlvLmNvbVwvd3AtY29udGVudFwvdXBsb2Fkc1wvMjAyMVwvMDhcL251eGUtYmVhdXR5LXNob3QtcGhvdG8uanBnIiwic2xpZGVzaG93IjoiNzVjZTMwZSJ9\">\n\t\t\t\t\t<div class=\"e-gallery-image elementor-gallery-item__image\" data-thumbnail=\"https:\/\/www.essense-studio.com\/wp-content\/uploads\/2021\/08\/nuxe-beauty-shot-photo.jpg\" data-width=\"1334\" data-height=\"2000\" aria-label=\"photographe marque nuxe beauty studio publicitaire marseille\" role=\"img\" ><\/div>\n\t\t\t\t\t\t\t\t\t\t\t<div class=\"elementor-gallery-item__overlay\"><\/div>\n\t\t\t\t\t\t\t\t\t\t\t\t\t\t<\/a>\n\t\t\t\t\t<\/div>\n\t\t\t<\/div>\n\t\t\t\t<\/div>\n\t\t\t\t\t<\/div>\n\t\t<\/div>\n\t\t\t\t\t<\/div>\n\t\t<\/section>\n\t\t\t\t<section class=\"elementor-section elementor-top-section elementor-element elementor-element-2a117442 elementor-section-content-middle elementor-section-boxed elementor-section-height-default elementor-section-height-default\" data-id=\"2a117442\" data-element_type=\"section\">\n\t\t\t\t\t\t<div class=\"elementor-container elementor-column-gap-no\">\n\t\t\t\t\t<div class=\"elementor-column elementor-col-50 elementor-top-column elementor-element elementor-element-3dc2c012\" data-id=\"3dc2c012\" data-element_type=\"column\">\n\t\t\t<div class=\"elementor-widget-wrap elementor-element-populated\">\n\t\t\t\t\t\t<div class=\"elementor-element elementor-element-5bc64c90 elementor-widget-divider--view-line elementor-widget elementor-widget-divider\" data-id=\"5bc64c90\" data-element_type=\"widget\" data-widget_type=\"divider.default\">\n\t\t\t\t<div class=\"elementor-widget-container\">\n\t\t\t\t\t<div class=\"elementor-divider\">\n\t\t\t<span class=\"elementor-divider-separator\">\n\t\t\t\t\t\t<\/span>\n\t\t<\/div>\n\t\t\t\t<\/div>\n\t\t\t\t<\/div>\n\t\t\t\t<div class=\"elementor-element elementor-element-52c31074 elementor-widget elementor-widget-heading\" data-id=\"52c31074\" data-element_type=\"widget\" data-widget_type=\"heading.default\">\n\t\t\t\t<div class=\"elementor-widget-container\">\n\t\t\t<h4 class=\"elementor-heading-title elementor-size-default\">Projet similaire ?<\/h4>\t\t<\/div>\n\t\t\t\t<\/div>\n\t\t\t\t\t<\/div>\n\t\t<\/div>\n\t\t\t\t<div class=\"elementor-column elementor-col-50 elementor-top-column elementor-element elementor-element-110ae8a6\" data-id=\"110ae8a6\" data-element_type=\"column\">\n\t\t\t<div class=\"elementor-widget-wrap elementor-element-populated\">\n\t\t\t\t\t\t<div class=\"elementor-element elementor-element-b6f5bee elementor-widget elementor-widget-text-editor\" data-id=\"b6f5bee\" data-element_type=\"widget\" data-widget_type=\"text-editor.default\">\n\t\t\t\t<div class=\"elementor-widget-container\">\n\t\t\t\t\t\t\t<p>Discutons-en ! Nous pourrons s\u00fbrement vous apporter la solution sur-mesure que n\u00e9cessite votre besoin en cr\u00e9ation de contenu.<\/p>\t\t\t\t\t\t<\/div>\n\t\t\t\t<\/div>\n\t\t\t\t\t<\/div>\n\t\t<\/div>\n\t\t\t\t\t<\/div>\n\t\t<\/section>\n\t\t\t\t<\/div>","protected":false},"excerpt":{"rendered":"<p>D\u00e9monstration de quelques projets en studio de l&rsquo;univers beaut\u00e9 photographie publicitaire pour les r\u00e9seaux sociaux. Univers beaut\u00e9 Projet similaire ? Discutons-en ! Nous pourrons s\u00fbrement vous apporter la solution sur-mesure que n\u00e9cessite votre besoin en cr\u00e9ation de contenu.<\/p>","protected":false},"author":2,"featured_media":0,"parent":0,"menu_order":0,"comment_status":"closed","ping_status":"closed","template":"","meta":{"footnotes":""},"class_list":["post-5277","page","type-page","status-publish","hentry"],"yoast_head":"<!-- This site is optimized with the Yoast SEO plugin v22.7 - https:\/\/yoast.com\/wordpress\/plugins\/seo\/ -->\n<title>Shooting photo Yves Rocher - Essense studio<\/title>\n<meta name=\"description\" content=\"Studio freelance expert en communication digitale \u00e0 Marseille et sp\u00e9cialis\u00e9 dans les r\u00e9seaux sociaux et la photo produit pour \u00eatre visible sur internet.\" \/>\n<meta name=\"robots\" content=\"index, follow, max-snippet:-1, max-image-preview:large, max-video-preview:-1\" \/>\n<link rel=\"canonical\" href=\"https:\/\/www.essense-studio.com\/en\/shooting-photo-yves-rocher\/\" \/>\n<meta property=\"og:locale\" content=\"en_GB\" \/>\n<meta property=\"og:type\" content=\"article\" \/>\n<meta property=\"og:title\" content=\"Shooting photo Yves Rocher - Essense studio\" \/>\n<meta property=\"og:description\" content=\"Studio freelance expert en communication digitale \u00e0 Marseille et sp\u00e9cialis\u00e9 dans les r\u00e9seaux sociaux et la photo produit pour \u00eatre visible sur internet.\" \/>\n<meta property=\"og:url\" content=\"https:\/\/www.essense-studio.com\/en\/shooting-photo-yves-rocher\/\" \/>\n<meta property=\"og:site_name\" content=\"Essense studio\" \/>\n<meta property=\"article:modified_time\" content=\"2023-08-15T15:02:49+00:00\" \/>\n<meta name=\"twitter:card\" content=\"summary_large_image\" \/>\n<meta name=\"twitter:label1\" content=\"Estimated reading time\" \/>\n\t<meta name=\"twitter:data1\" content=\"1 minute\" \/>\n<script type=\"application\/ld+json\" class=\"yoast-schema-graph\">{\"@context\":\"https:\/\/schema.org\",\"@graph\":[{\"@type\":\"WebPage\",\"@id\":\"https:\/\/www.essense-studio.com\/shooting-photo-yves-rocher\/\",\"url\":\"https:\/\/www.essense-studio.com\/shooting-photo-yves-rocher\/\",\"name\":\"Shooting photo Yves Rocher - Essense studio\",\"isPartOf\":{\"@id\":\"https:\/\/www.essense-studio.com\/#website\"},\"datePublished\":\"2023-08-15T14:58:59+00:00\",\"dateModified\":\"2023-08-15T15:02:49+00:00\",\"description\":\"Studio freelance expert en communication digitale \u00e0 Marseille et sp\u00e9cialis\u00e9 dans les r\u00e9seaux sociaux et la photo produit pour \u00eatre visible sur internet.\",\"breadcrumb\":{\"@id\":\"https:\/\/www.essense-studio.com\/shooting-photo-yves-rocher\/#breadcrumb\"},\"inLanguage\":\"en-GB\",\"potentialAction\":[{\"@type\":\"ReadAction\",\"target\":[\"https:\/\/www.essense-studio.com\/shooting-photo-yves-rocher\/\"]}]},{\"@type\":\"BreadcrumbList\",\"@id\":\"https:\/\/www.essense-studio.com\/shooting-photo-yves-rocher\/#breadcrumb\",\"itemListElement\":[{\"@type\":\"ListItem\",\"position\":1,\"name\":\"Accueil\",\"item\":\"https:\/\/www.essense-studio.com\/\"},{\"@type\":\"ListItem\",\"position\":2,\"name\":\"Shooting photo Yves Rocher\"}]},{\"@type\":\"WebSite\",\"@id\":\"https:\/\/www.essense-studio.com\/#website\",\"url\":\"https:\/\/www.essense-studio.com\/\",\"name\":\"Essense studio\",\"description\":\"Agence brand content - social media Marseille\",\"publisher\":{\"@id\":\"https:\/\/www.essense-studio.com\/#organization\"},\"potentialAction\":[{\"@type\":\"SearchAction\",\"target\":{\"@type\":\"EntryPoint\",\"urlTemplate\":\"https:\/\/www.essense-studio.com\/?s={search_term_string}\"},\"query-input\":\"required name=search_term_string\"}],\"inLanguage\":\"en-GB\"},{\"@type\":\"Organization\",\"@id\":\"https:\/\/www.essense-studio.com\/#organization\",\"name\":\"Essense studio\",\"url\":\"https:\/\/www.essense-studio.com\/\",\"logo\":{\"@type\":\"ImageObject\",\"inLanguage\":\"en-GB\",\"@id\":\"https:\/\/www.essense-studio.com\/#\/schema\/logo\/image\/\",\"url\":\"\",\"contentUrl\":\"\",\"caption\":\"Essense studio\"},\"image\":{\"@id\":\"https:\/\/www.essense-studio.com\/#\/schema\/logo\/image\/\"}}]}<\/script>\n<!-- \/ Yoast SEO plugin. -->","yoast_head_json":{"title":"Shooting photo Yves Rocher - Essense studio","description":"Studio freelance expert en communication digitale \u00e0 Marseille et sp\u00e9cialis\u00e9 dans les r\u00e9seaux sociaux et la photo produit pour \u00eatre visible sur internet.","robots":{"index":"index","follow":"follow","max-snippet":"max-snippet:-1","max-image-preview":"max-image-preview:large","max-video-preview":"max-video-preview:-1"},"canonical":"https:\/\/www.essense-studio.com\/en\/shooting-photo-yves-rocher\/","og_locale":"en_GB","og_type":"article","og_title":"Shooting photo Yves Rocher - Essense studio","og_description":"Studio freelance expert en communication digitale \u00e0 Marseille et sp\u00e9cialis\u00e9 dans les r\u00e9seaux sociaux et la photo produit pour \u00eatre visible sur internet.","og_url":"https:\/\/www.essense-studio.com\/en\/shooting-photo-yves-rocher\/","og_site_name":"Essense studio","article_modified_time":"2023-08-15T15:02:49+00:00","twitter_card":"summary_large_image","twitter_misc":{"Estimated reading time":"1 minute"},"schema":{"@context":"https:\/\/schema.org","@graph":[{"@type":"WebPage","@id":"https:\/\/www.essense-studio.com\/shooting-photo-yves-rocher\/","url":"https:\/\/www.essense-studio.com\/shooting-photo-yves-rocher\/","name":"Shooting photo Yves Rocher - Essense studio","isPartOf":{"@id":"https:\/\/www.essense-studio.com\/#website"},"datePublished":"2023-08-15T14:58:59+00:00","dateModified":"2023-08-15T15:02:49+00:00","description":"Studio freelance expert en communication digitale \u00e0 Marseille et sp\u00e9cialis\u00e9 dans les r\u00e9seaux sociaux et la photo produit pour \u00eatre visible sur internet.","breadcrumb":{"@id":"https:\/\/www.essense-studio.com\/shooting-photo-yves-rocher\/#breadcrumb"},"inLanguage":"en-GB","potentialAction":[{"@type":"ReadAction","target":["https:\/\/www.essense-studio.com\/shooting-photo-yves-rocher\/"]}]},{"@type":"BreadcrumbList","@id":"https:\/\/www.essense-studio.com\/shooting-photo-yves-rocher\/#breadcrumb","itemListElement":[{"@type":"ListItem","position":1,"name":"Accueil","item":"https:\/\/www.essense-studio.com\/"},{"@type":"ListItem","position":2,"name":"Shooting photo Yves Rocher"}]},{"@type":"WebSite","@id":"https:\/\/www.essense-studio.com\/#website","url":"https:\/\/www.essense-studio.com\/","name":"Essense studio","description":"Agence brand content - social media Marseille","publisher":{"@id":"https:\/\/www.essense-studio.com\/#organization"},"potentialAction":[{"@type":"SearchAction","target":{"@type":"EntryPoint","urlTemplate":"https:\/\/www.essense-studio.com\/?s={search_term_string}"},"query-input":"required name=search_term_string"}],"inLanguage":"en-GB"},{"@type":"Organization","@id":"https:\/\/www.essense-studio.com\/#organization","name":"Essense studio","url":"https:\/\/www.essense-studio.com\/","logo":{"@type":"ImageObject","inLanguage":"en-GB","@id":"https:\/\/www.essense-studio.com\/#\/schema\/logo\/image\/","url":"","contentUrl":"","caption":"Essense studio"},"image":{"@id":"https:\/\/www.essense-studio.com\/#\/schema\/logo\/image\/"}}]}},"_links":{"self":[{"href":"https:\/\/www.essense-studio.com\/en\/wp-json\/wp\/v2\/pages\/5277","targetHints":{"allow":["GET"]}}],"collection":[{"href":"https:\/\/www.essense-studio.com\/en\/wp-json\/wp\/v2\/pages"}],"about":[{"href":"https:\/\/www.essense-studio.com\/en\/wp-json\/wp\/v2\/types\/page"}],"author":[{"embeddable":true,"href":"https:\/\/www.essense-studio.com\/en\/wp-json\/wp\/v2\/users\/2"}],"replies":[{"embeddable":true,"href":"https:\/\/www.essense-studio.com\/en\/wp-json\/wp\/v2\/comments?post=5277"}],"version-history":[{"count":5,"href":"https:\/\/www.essense-studio.com\/en\/wp-json\/wp\/v2\/pages\/5277\/revisions"}],"predecessor-version":[{"id":5282,"href":"https:\/\/www.essense-studio.com\/en\/wp-json\/wp\/v2\/pages\/5277\/revisions\/5282"}],"wp:attachment":[{"href":"https:\/\/www.essense-studio.com\/en\/wp-json\/wp\/v2\/media?parent=5277"}],"curies":[{"name":"wp","href":"https:\/\/api.w.org\/{rel}","templated":true}]}}