{"id":6597,"date":"2025-03-11T15:34:22","date_gmt":"2025-03-11T14:34:22","guid":{"rendered":"https:\/\/www.essense-studio.com\/?page_id=6597"},"modified":"2025-03-11T15:35:36","modified_gmt":"2025-03-11T14:35:36","slug":"shooting-photo-viticole-packshot-bouteille-vin-photographe-freelance","status":"publish","type":"page","link":"https:\/\/www.essense-studio.com\/en\/shooting-photo-viticole-packshot-bouteille-vin-photographe-freelance\/","title":{"rendered":"Shooting photo viticole packshot bouteille vin photographe freelance"},"content":{"rendered":"<div data-elementor-type=\"wp-page\" data-elementor-id=\"6597\" class=\"elementor elementor-6597\" data-elementor-post-type=\"page\">\n\t\t\t\t\t\t<section class=\"elementor-section elementor-top-section elementor-element elementor-element-cc9b207 elementor-section-height-min-height elementor-section-boxed elementor-section-height-default elementor-section-items-middle\" data-id=\"cc9b207\" data-element_type=\"section\">\n\t\t\t\t\t\t<div class=\"elementor-container elementor-column-gap-default\">\n\t\t\t\t\t<div class=\"elementor-column elementor-col-100 elementor-top-column elementor-element elementor-element-194293f\" data-id=\"194293f\" data-element_type=\"column\">\n\t\t\t<div class=\"elementor-widget-wrap elementor-element-populated\">\n\t\t\t\t\t\t<div class=\"elementor-element elementor-element-4c5aef3 elementor-widget elementor-widget-text-editor\" data-id=\"4c5aef3\" data-element_type=\"widget\" data-widget_type=\"text-editor.default\">\n\t\t\t\t<div class=\"elementor-widget-container\">\n\t\t\t\t\t\t\t<p>Au pied de la Sainte-Victoire, \u00e0 c\u00f4t\u00e9 d&rsquo;Aix-en-Provence, la cave de Rousset a fait appel aux services de photographie packshot en studio photo d&rsquo;Essense studio. Ils poss\u00e8dent d\u00e9sormais leur gamme de vin en photo pour la refonte de leur site internet.\u00a0\u00a0<\/p>\t\t\t\t\t\t<\/div>\n\t\t\t\t<\/div>\n\t\t\t\t<div class=\"elementor-element elementor-element-19f4829 elementor-widget-divider--view-line elementor-widget elementor-widget-divider\" data-id=\"19f4829\" data-element_type=\"widget\" data-widget_type=\"divider.default\">\n\t\t\t\t<div class=\"elementor-widget-container\">\n\t\t\t\t\t<div class=\"elementor-divider\">\n\t\t\t<span class=\"elementor-divider-separator\">\n\t\t\t\t\t\t<\/span>\n\t\t<\/div>\n\t\t\t\t<\/div>\n\t\t\t\t<\/div>\n\t\t\t\t<div class=\"elementor-element elementor-element-fbf36b5 elementor-widget elementor-widget-heading\" data-id=\"fbf36b5\" data-element_type=\"widget\" data-widget_type=\"heading.default\">\n\t\t\t\t<div class=\"elementor-widget-container\">\n\t\t\t<h1 class=\"elementor-heading-title elementor-size-default\">photographie packshot viticole<\/h1>\t\t<\/div>\n\t\t\t\t<\/div>\n\t\t\t\t<div class=\"elementor-element elementor-element-532af36 elementor-widget elementor-widget-heading\" data-id=\"532af36\" data-element_type=\"widget\" data-widget_type=\"heading.default\">\n\t\t\t\t<div class=\"elementor-widget-container\">\n\t\t\t<h2 class=\"elementor-heading-title elementor-size-default\">cave de rousset<\/h2>\t\t<\/div>\n\t\t\t\t<\/div>\n\t\t\t\t\t<\/div>\n\t\t<\/div>\n\t\t\t\t\t<\/div>\n\t\t<\/section>\n\t\t\t\t<section class=\"elementor-section elementor-top-section elementor-element elementor-element-3844efa elementor-section-boxed elementor-section-height-default elementor-section-height-default\" data-id=\"3844efa\" data-element_type=\"section\">\n\t\t\t\t\t\t<div class=\"elementor-container elementor-column-gap-default\">\n\t\t\t\t\t<div class=\"elementor-column elementor-col-100 elementor-top-column elementor-element elementor-element-4659e98\" data-id=\"4659e98\" data-element_type=\"column\">\n\t\t\t<div class=\"elementor-widget-wrap elementor-element-populated\">\n\t\t\t\t\t\t<div class=\"elementor-element elementor-element-7f8ce60 elementor-widget elementor-widget-gallery\" data-id=\"7f8ce60\" data-element_type=\"widget\" data-settings=\"{&quot;gallery_layout&quot;:&quot;justified&quot;,&quot;ideal_row_height&quot;:{&quot;unit&quot;:&quot;px&quot;,&quot;size&quot;:374,&quot;sizes&quot;:[]},&quot;gap&quot;:{&quot;unit&quot;:&quot;px&quot;,&quot;size&quot;:18,&quot;sizes&quot;:[]},&quot;ideal_row_height_tablet&quot;:{&quot;unit&quot;:&quot;px&quot;,&quot;size&quot;:248,&quot;sizes&quot;:[]},&quot;lazyload&quot;:&quot;yes&quot;,&quot;ideal_row_height_mobile&quot;:{&quot;unit&quot;:&quot;px&quot;,&quot;size&quot;:150,&quot;sizes&quot;:[]},&quot;gap_tablet&quot;:{&quot;unit&quot;:&quot;px&quot;,&quot;size&quot;:10,&quot;sizes&quot;:[]},&quot;gap_mobile&quot;:{&quot;unit&quot;:&quot;px&quot;,&quot;size&quot;:10,&quot;sizes&quot;:[]},&quot;link_to&quot;:&quot;file&quot;,&quot;overlay_background&quot;:&quot;yes&quot;,&quot;content_hover_animation&quot;:&quot;fade-in&quot;}\" data-widget_type=\"gallery.default\">\n\t\t\t\t<div class=\"elementor-widget-container\">\n\t\t\t\t\t<div class=\"elementor-gallery__container\">\n\t\t\t\t\t\t\t<a class=\"e-gallery-item elementor-gallery-item elementor-animated-content\" href=\"https:\/\/www.essense-studio.com\/wp-content\/uploads\/2025\/03\/bouteille_packshot_studio.png\" data-elementor-open-lightbox=\"yes\" data-elementor-lightbox-slideshow=\"7f8ce60\" data-e-action-hash=\"#elementor-action%3Aaction%3Dlightbox%26settings%3DeyJpZCI6NjYwOCwidXJsIjoiaHR0cHM6XC9cL3d3dy5lc3NlbnNlLXN0dWRpby5jb21cL3dwLWNvbnRlbnRcL3VwbG9hZHNcLzIwMjVcLzAzXC9ib3V0ZWlsbGVfcGFja3Nob3Rfc3R1ZGlvLnBuZyIsInNsaWRlc2hvdyI6IjdmOGNlNjAifQ%3D%3D\">\n\t\t\t\t\t<div class=\"e-gallery-image elementor-gallery-item__image\" data-thumbnail=\"https:\/\/www.essense-studio.com\/wp-content\/uploads\/2025\/03\/bouteille_packshot_studio.png\" data-width=\"1700\" data-height=\"2550\" aria-label=\"\" role=\"img\" ><\/div>\n\t\t\t\t\t\t\t\t\t\t\t<div class=\"elementor-gallery-item__overlay\"><\/div>\n\t\t\t\t\t\t\t\t\t\t\t\t\t\t<\/a>\n\t\t\t\t\t\t\t<a class=\"e-gallery-item elementor-gallery-item elementor-animated-content\" href=\"https:\/\/www.essense-studio.com\/wp-content\/uploads\/2025\/03\/bouteille_packshot.png\" data-elementor-open-lightbox=\"yes\" data-elementor-lightbox-slideshow=\"7f8ce60\" data-e-action-hash=\"#elementor-action%3Aaction%3Dlightbox%26settings%3DeyJpZCI6NjYwNSwidXJsIjoiaHR0cHM6XC9cL3d3dy5lc3NlbnNlLXN0dWRpby5jb21cL3dwLWNvbnRlbnRcL3VwbG9hZHNcLzIwMjVcLzAzXC9ib3V0ZWlsbGVfcGFja3Nob3QucG5nIiwic2xpZGVzaG93IjoiN2Y4Y2U2MCJ9\">\n\t\t\t\t\t<div class=\"e-gallery-image elementor-gallery-item__image\" data-thumbnail=\"https:\/\/www.essense-studio.com\/wp-content\/uploads\/2025\/03\/bouteille_packshot.png\" data-width=\"1700\" data-height=\"2550\" aria-label=\"\" role=\"img\" ><\/div>\n\t\t\t\t\t\t\t\t\t\t\t<div class=\"elementor-gallery-item__overlay\"><\/div>\n\t\t\t\t\t\t\t\t\t\t\t\t\t\t<\/a>\n\t\t\t\t\t\t\t<a class=\"e-gallery-item elementor-gallery-item elementor-animated-content\" href=\"https:\/\/www.essense-studio.com\/wp-content\/uploads\/2025\/03\/photographe_packshot_viticole.jpg\" data-elementor-open-lightbox=\"yes\" data-elementor-lightbox-slideshow=\"7f8ce60\" data-e-action-hash=\"#elementor-action%3Aaction%3Dlightbox%26settings%3DeyJpZCI6NjYwMCwidXJsIjoiaHR0cHM6XC9cL3d3dy5lc3NlbnNlLXN0dWRpby5jb21cL3dwLWNvbnRlbnRcL3VwbG9hZHNcLzIwMjVcLzAzXC9waG90b2dyYXBoZV9wYWNrc2hvdF92aXRpY29sZS5qcGciLCJzbGlkZXNob3ciOiI3ZjhjZTYwIn0%3D\">\n\t\t\t\t\t<div class=\"e-gallery-image elementor-gallery-item__image\" data-thumbnail=\"https:\/\/www.essense-studio.com\/wp-content\/uploads\/2025\/03\/photographe_packshot_viticole.jpg\" data-width=\"2000\" data-height=\"1076\" aria-label=\"\" role=\"img\" ><\/div>\n\t\t\t\t\t\t\t\t\t\t\t<div class=\"elementor-gallery-item__overlay\"><\/div>\n\t\t\t\t\t\t\t\t\t\t\t\t\t\t<\/a>\n\t\t\t\t\t\t\t<a class=\"e-gallery-item elementor-gallery-item elementor-animated-content\" href=\"https:\/\/www.essense-studio.com\/wp-content\/uploads\/2025\/03\/photographe_packshot_vin.jpg\" data-elementor-open-lightbox=\"yes\" data-elementor-lightbox-slideshow=\"7f8ce60\" data-e-action-hash=\"#elementor-action%3Aaction%3Dlightbox%26settings%3DeyJpZCI6NjYwMSwidXJsIjoiaHR0cHM6XC9cL3d3dy5lc3NlbnNlLXN0dWRpby5jb21cL3dwLWNvbnRlbnRcL3VwbG9hZHNcLzIwMjVcLzAzXC9waG90b2dyYXBoZV9wYWNrc2hvdF92aW4uanBnIiwic2xpZGVzaG93IjoiN2Y4Y2U2MCJ9\">\n\t\t\t\t\t<div class=\"e-gallery-image elementor-gallery-item__image\" data-thumbnail=\"https:\/\/www.essense-studio.com\/wp-content\/uploads\/2025\/03\/photographe_packshot_vin.jpg\" data-width=\"2000\" data-height=\"1074\" aria-label=\"\" role=\"img\" ><\/div>\n\t\t\t\t\t\t\t\t\t\t\t<div class=\"elementor-gallery-item__overlay\"><\/div>\n\t\t\t\t\t\t\t\t\t\t\t\t\t\t<\/a>\n\t\t\t\t\t\t\t<a class=\"e-gallery-item elementor-gallery-item elementor-animated-content\" href=\"https:\/\/www.essense-studio.com\/wp-content\/uploads\/2025\/03\/packshot_vin.jpg\" data-elementor-open-lightbox=\"yes\" data-elementor-lightbox-slideshow=\"7f8ce60\" data-e-action-hash=\"#elementor-action%3Aaction%3Dlightbox%26settings%3DeyJpZCI6NjYwMiwidXJsIjoiaHR0cHM6XC9cL3d3dy5lc3NlbnNlLXN0dWRpby5jb21cL3dwLWNvbnRlbnRcL3VwbG9hZHNcLzIwMjVcLzAzXC9wYWNrc2hvdF92aW4uanBnIiwic2xpZGVzaG93IjoiN2Y4Y2U2MCJ9\">\n\t\t\t\t\t<div class=\"e-gallery-image elementor-gallery-item__image\" data-thumbnail=\"https:\/\/www.essense-studio.com\/wp-content\/uploads\/2025\/03\/packshot_vin.jpg\" data-width=\"2000\" data-height=\"1200\" aria-label=\"\" role=\"img\" ><\/div>\n\t\t\t\t\t\t\t\t\t\t\t<div class=\"elementor-gallery-item__overlay\"><\/div>\n\t\t\t\t\t\t\t\t\t\t\t\t\t\t<\/a>\n\t\t\t\t\t\t\t<a class=\"e-gallery-item elementor-gallery-item elementor-animated-content\" href=\"https:\/\/www.essense-studio.com\/wp-content\/uploads\/2025\/03\/packshot_photo_vin_photographe_studio.jpg\" data-elementor-open-lightbox=\"yes\" data-elementor-lightbox-slideshow=\"7f8ce60\" data-e-action-hash=\"#elementor-action%3Aaction%3Dlightbox%26settings%3DeyJpZCI6NjYwMywidXJsIjoiaHR0cHM6XC9cL3d3dy5lc3NlbnNlLXN0dWRpby5jb21cL3dwLWNvbnRlbnRcL3VwbG9hZHNcLzIwMjVcLzAzXC9wYWNrc2hvdF9waG90b192aW5fcGhvdG9ncmFwaGVfc3R1ZGlvLmpwZyIsInNsaWRlc2hvdyI6IjdmOGNlNjAifQ%3D%3D\">\n\t\t\t\t\t<div class=\"e-gallery-image elementor-gallery-item__image\" data-thumbnail=\"https:\/\/www.essense-studio.com\/wp-content\/uploads\/2025\/03\/packshot_photo_vin_photographe_studio.jpg\" data-width=\"1700\" data-height=\"2550\" aria-label=\"\" role=\"img\" ><\/div>\n\t\t\t\t\t\t\t\t\t\t\t<div class=\"elementor-gallery-item__overlay\"><\/div>\n\t\t\t\t\t\t\t\t\t\t\t\t\t\t<\/a>\n\t\t\t\t\t\t\t<a class=\"e-gallery-item elementor-gallery-item elementor-animated-content\" href=\"https:\/\/www.essense-studio.com\/wp-content\/uploads\/2025\/03\/packshot_photo_studio_viticole.png\" data-elementor-open-lightbox=\"yes\" data-elementor-lightbox-slideshow=\"7f8ce60\" data-e-action-hash=\"#elementor-action%3Aaction%3Dlightbox%26settings%3DeyJpZCI6NjYwNywidXJsIjoiaHR0cHM6XC9cL3d3dy5lc3NlbnNlLXN0dWRpby5jb21cL3dwLWNvbnRlbnRcL3VwbG9hZHNcLzIwMjVcLzAzXC9wYWNrc2hvdF9waG90b19zdHVkaW9fdml0aWNvbGUucG5nIiwic2xpZGVzaG93IjoiN2Y4Y2U2MCJ9\">\n\t\t\t\t\t<div class=\"e-gallery-image elementor-gallery-item__image\" data-thumbnail=\"https:\/\/www.essense-studio.com\/wp-content\/uploads\/2025\/03\/packshot_photo_studio_viticole.png\" data-width=\"2000\" data-height=\"1200\" aria-label=\"\" role=\"img\" ><\/div>\n\t\t\t\t\t\t\t\t\t\t\t<div class=\"elementor-gallery-item__overlay\"><\/div>\n\t\t\t\t\t\t\t\t\t\t\t\t\t\t<\/a>\n\t\t\t\t\t<\/div>\n\t\t\t<\/div>\n\t\t\t\t<\/div>\n\t\t\t\t\t<\/div>\n\t\t<\/div>\n\t\t\t\t\t<\/div>\n\t\t<\/section>\n\t\t\t\t<\/div>","protected":false},"excerpt":{"rendered":"<p>Au pied de la Sainte-Victoire, \u00e0 c\u00f4t\u00e9 d&rsquo;Aix-en-Provence, la cave de Rousset a fait appel aux services de photographie packshot en studio photo d&rsquo;Essense studio. Ils poss\u00e8dent d\u00e9sormais leur gamme de vin en photo pour la refonte de leur site internet.\u00a0\u00a0 photographie packshot viticole cave de rousset<\/p>","protected":false},"author":2,"featured_media":0,"parent":0,"menu_order":0,"comment_status":"closed","ping_status":"closed","template":"","meta":{"footnotes":""},"class_list":["post-6597","page","type-page","status-publish","hentry"],"yoast_head":"<!-- This site is optimized with the Yoast SEO plugin v22.7 - https:\/\/yoast.com\/wordpress\/plugins\/seo\/ -->\n<title>Shooting photo viticole packshot bouteille vin photographe freelance - Essense studio<\/title>\n<meta name=\"description\" content=\"Studio freelance expert en communication digitale \u00e0 Marseille et sp\u00e9cialis\u00e9 dans les r\u00e9seaux sociaux et la photo produit pour \u00eatre visible sur internet.\" \/>\n<meta name=\"robots\" content=\"index, follow, max-snippet:-1, max-image-preview:large, max-video-preview:-1\" \/>\n<link rel=\"canonical\" href=\"https:\/\/www.essense-studio.com\/en\/shooting-photo-viticole-packshot-bouteille-vin-photographe-freelance\/\" \/>\n<meta property=\"og:locale\" content=\"en_GB\" \/>\n<meta property=\"og:type\" content=\"article\" \/>\n<meta property=\"og:title\" content=\"Shooting photo viticole packshot bouteille vin photographe freelance - Essense studio\" \/>\n<meta property=\"og:description\" content=\"Studio freelance expert en communication digitale \u00e0 Marseille et sp\u00e9cialis\u00e9 dans les r\u00e9seaux sociaux et la photo produit pour \u00eatre visible sur internet.\" \/>\n<meta property=\"og:url\" content=\"https:\/\/www.essense-studio.com\/en\/shooting-photo-viticole-packshot-bouteille-vin-photographe-freelance\/\" \/>\n<meta property=\"og:site_name\" content=\"Essense studio\" \/>\n<meta property=\"article:modified_time\" content=\"2025-03-11T14:35:36+00:00\" \/>\n<meta name=\"twitter:card\" content=\"summary_large_image\" \/>\n<meta name=\"twitter:label1\" content=\"Estimated reading time\" \/>\n\t<meta name=\"twitter:data1\" content=\"1 minute\" \/>\n<script type=\"application\/ld+json\" class=\"yoast-schema-graph\">{\"@context\":\"https:\/\/schema.org\",\"@graph\":[{\"@type\":\"WebPage\",\"@id\":\"https:\/\/www.essense-studio.com\/shooting-photo-viticole-packshot-bouteille-vin-photographe-freelance\/\",\"url\":\"https:\/\/www.essense-studio.com\/shooting-photo-viticole-packshot-bouteille-vin-photographe-freelance\/\",\"name\":\"Shooting photo viticole packshot bouteille vin photographe freelance - Essense studio\",\"isPartOf\":{\"@id\":\"https:\/\/www.essense-studio.com\/#website\"},\"datePublished\":\"2025-03-11T14:34:22+00:00\",\"dateModified\":\"2025-03-11T14:35:36+00:00\",\"description\":\"Studio freelance expert en communication digitale \u00e0 Marseille et sp\u00e9cialis\u00e9 dans les r\u00e9seaux sociaux et la photo produit pour \u00eatre visible sur internet.\",\"breadcrumb\":{\"@id\":\"https:\/\/www.essense-studio.com\/shooting-photo-viticole-packshot-bouteille-vin-photographe-freelance\/#breadcrumb\"},\"inLanguage\":\"en-GB\",\"potentialAction\":[{\"@type\":\"ReadAction\",\"target\":[\"https:\/\/www.essense-studio.com\/shooting-photo-viticole-packshot-bouteille-vin-photographe-freelance\/\"]}]},{\"@type\":\"BreadcrumbList\",\"@id\":\"https:\/\/www.essense-studio.com\/shooting-photo-viticole-packshot-bouteille-vin-photographe-freelance\/#breadcrumb\",\"itemListElement\":[{\"@type\":\"ListItem\",\"position\":1,\"name\":\"Accueil\",\"item\":\"https:\/\/www.essense-studio.com\/\"},{\"@type\":\"ListItem\",\"position\":2,\"name\":\"Shooting photo viticole packshot bouteille vin photographe freelance\"}]},{\"@type\":\"WebSite\",\"@id\":\"https:\/\/www.essense-studio.com\/#website\",\"url\":\"https:\/\/www.essense-studio.com\/\",\"name\":\"Essense studio\",\"description\":\"Agence brand content - social media Marseille\",\"publisher\":{\"@id\":\"https:\/\/www.essense-studio.com\/#organization\"},\"potentialAction\":[{\"@type\":\"SearchAction\",\"target\":{\"@type\":\"EntryPoint\",\"urlTemplate\":\"https:\/\/www.essense-studio.com\/?s={search_term_string}\"},\"query-input\":\"required name=search_term_string\"}],\"inLanguage\":\"en-GB\"},{\"@type\":\"Organization\",\"@id\":\"https:\/\/www.essense-studio.com\/#organization\",\"name\":\"Essense studio\",\"url\":\"https:\/\/www.essense-studio.com\/\",\"logo\":{\"@type\":\"ImageObject\",\"inLanguage\":\"en-GB\",\"@id\":\"https:\/\/www.essense-studio.com\/#\/schema\/logo\/image\/\",\"url\":\"\",\"contentUrl\":\"\",\"caption\":\"Essense studio\"},\"image\":{\"@id\":\"https:\/\/www.essense-studio.com\/#\/schema\/logo\/image\/\"}}]}<\/script>\n<!-- \/ Yoast SEO plugin. -->","yoast_head_json":{"title":"Shooting photo viticole packshot bouteille vin photographe freelance - Essense studio","description":"Studio freelance expert en communication digitale \u00e0 Marseille et sp\u00e9cialis\u00e9 dans les r\u00e9seaux sociaux et la photo produit pour \u00eatre visible sur internet.","robots":{"index":"index","follow":"follow","max-snippet":"max-snippet:-1","max-image-preview":"max-image-preview:large","max-video-preview":"max-video-preview:-1"},"canonical":"https:\/\/www.essense-studio.com\/en\/shooting-photo-viticole-packshot-bouteille-vin-photographe-freelance\/","og_locale":"en_GB","og_type":"article","og_title":"Shooting photo viticole packshot bouteille vin photographe freelance - Essense studio","og_description":"Studio freelance expert en communication digitale \u00e0 Marseille et sp\u00e9cialis\u00e9 dans les r\u00e9seaux sociaux et la photo produit pour \u00eatre visible sur internet.","og_url":"https:\/\/www.essense-studio.com\/en\/shooting-photo-viticole-packshot-bouteille-vin-photographe-freelance\/","og_site_name":"Essense studio","article_modified_time":"2025-03-11T14:35:36+00:00","twitter_card":"summary_large_image","twitter_misc":{"Estimated reading time":"1 minute"},"schema":{"@context":"https:\/\/schema.org","@graph":[{"@type":"WebPage","@id":"https:\/\/www.essense-studio.com\/shooting-photo-viticole-packshot-bouteille-vin-photographe-freelance\/","url":"https:\/\/www.essense-studio.com\/shooting-photo-viticole-packshot-bouteille-vin-photographe-freelance\/","name":"Shooting photo viticole packshot bouteille vin photographe freelance - Essense studio","isPartOf":{"@id":"https:\/\/www.essense-studio.com\/#website"},"datePublished":"2025-03-11T14:34:22+00:00","dateModified":"2025-03-11T14:35:36+00:00","description":"Studio freelance expert en communication digitale \u00e0 Marseille et sp\u00e9cialis\u00e9 dans les r\u00e9seaux sociaux et la photo produit pour \u00eatre visible sur internet.","breadcrumb":{"@id":"https:\/\/www.essense-studio.com\/shooting-photo-viticole-packshot-bouteille-vin-photographe-freelance\/#breadcrumb"},"inLanguage":"en-GB","potentialAction":[{"@type":"ReadAction","target":["https:\/\/www.essense-studio.com\/shooting-photo-viticole-packshot-bouteille-vin-photographe-freelance\/"]}]},{"@type":"BreadcrumbList","@id":"https:\/\/www.essense-studio.com\/shooting-photo-viticole-packshot-bouteille-vin-photographe-freelance\/#breadcrumb","itemListElement":[{"@type":"ListItem","position":1,"name":"Accueil","item":"https:\/\/www.essense-studio.com\/"},{"@type":"ListItem","position":2,"name":"Shooting photo viticole packshot bouteille vin photographe freelance"}]},{"@type":"WebSite","@id":"https:\/\/www.essense-studio.com\/#website","url":"https:\/\/www.essense-studio.com\/","name":"Essense studio","description":"Agence brand content - social media Marseille","publisher":{"@id":"https:\/\/www.essense-studio.com\/#organization"},"potentialAction":[{"@type":"SearchAction","target":{"@type":"EntryPoint","urlTemplate":"https:\/\/www.essense-studio.com\/?s={search_term_string}"},"query-input":"required name=search_term_string"}],"inLanguage":"en-GB"},{"@type":"Organization","@id":"https:\/\/www.essense-studio.com\/#organization","name":"Essense studio","url":"https:\/\/www.essense-studio.com\/","logo":{"@type":"ImageObject","inLanguage":"en-GB","@id":"https:\/\/www.essense-studio.com\/#\/schema\/logo\/image\/","url":"","contentUrl":"","caption":"Essense studio"},"image":{"@id":"https:\/\/www.essense-studio.com\/#\/schema\/logo\/image\/"}}]}},"_links":{"self":[{"href":"https:\/\/www.essense-studio.com\/en\/wp-json\/wp\/v2\/pages\/6597","targetHints":{"allow":["GET"]}}],"collection":[{"href":"https:\/\/www.essense-studio.com\/en\/wp-json\/wp\/v2\/pages"}],"about":[{"href":"https:\/\/www.essense-studio.com\/en\/wp-json\/wp\/v2\/types\/page"}],"author":[{"embeddable":true,"href":"https:\/\/www.essense-studio.com\/en\/wp-json\/wp\/v2\/users\/2"}],"replies":[{"embeddable":true,"href":"https:\/\/www.essense-studio.com\/en\/wp-json\/wp\/v2\/comments?post=6597"}],"version-history":[{"count":5,"href":"https:\/\/www.essense-studio.com\/en\/wp-json\/wp\/v2\/pages\/6597\/revisions"}],"predecessor-version":[{"id":6611,"href":"https:\/\/www.essense-studio.com\/en\/wp-json\/wp\/v2\/pages\/6597\/revisions\/6611"}],"wp:attachment":[{"href":"https:\/\/www.essense-studio.com\/en\/wp-json\/wp\/v2\/media?parent=6597"}],"curies":[{"name":"wp","href":"https:\/\/api.w.org\/{rel}","templated":true}]}}