{"id":7126,"date":"2025-03-26T10:21:23","date_gmt":"2025-03-26T09:21:23","guid":{"rendered":"https:\/\/www.essense-studio.com\/?page_id=7126"},"modified":"2025-03-26T10:30:38","modified_gmt":"2025-03-26T09:30:38","slug":"shooting-photo-restaurant-gigi-st-tropez","status":"publish","type":"page","link":"https:\/\/www.essense-studio.com\/en\/shooting-photo-restaurant-gigi-st-tropez\/","title":{"rendered":"Shooting photo restaurant Gigi St Tropez"},"content":{"rendered":"<div data-elementor-type=\"wp-page\" data-elementor-id=\"7126\" class=\"elementor elementor-7126\" data-elementor-post-type=\"page\">\n\t\t\t\t\t\t<section class=\"elementor-section elementor-top-section elementor-element elementor-element-b12e3cc elementor-section-height-min-height elementor-section-boxed elementor-section-height-default elementor-section-items-middle\" data-id=\"b12e3cc\" data-element_type=\"section\">\n\t\t\t\t\t\t<div class=\"elementor-container elementor-column-gap-default\">\n\t\t\t\t\t<div class=\"elementor-column elementor-col-100 elementor-top-column elementor-element elementor-element-13e3fa2\" data-id=\"13e3fa2\" data-element_type=\"column\">\n\t\t\t<div class=\"elementor-widget-wrap elementor-element-populated\">\n\t\t\t\t\t\t<div class=\"elementor-element elementor-element-1bd3552 elementor-widget elementor-widget-text-editor\" data-id=\"1bd3552\" data-element_type=\"widget\" data-widget_type=\"text-editor.default\">\n\t\t\t\t<div class=\"elementor-widget-container\">\n\t\t\t\t\t\t\t<div class=\"TzHB6b j8lBAb p7kDMc cLjAic K7khPe\" data-hveid=\"CGkQAA\" data-ved=\"2ahUKEwjeqf2GvqWMAxX-SKQEHWgqJO8QubsFKAB6BAhpEAA\"><div class=\"sATSHe\"><div class=\"wHYlTd Ww4FFb vt6azd tF2Cxc asEBEc\" lang=\"fr\" data-hveid=\"CFAQAA\" data-ved=\"2ahUKEwjeqf2GvqWMAxX-SKQEHWgqJO8QFSgAegQIUBAA\"><div class=\"N54PNb BToiNc\" data-snc=\"NfnFIb\"><div class=\"kb0PBd A9Y9g\" data-snf=\"nke7rc\" data-sncf=\"1\"><div class=\"VwiC3b yXK7lf p4wth r025kc hJNv6b Hdw6tb\"><div class=\"Va3FIb r025kc lVm3ye\"><div class=\"p4wth\"><p><span class=\"YrbPuc\"> <span class=\"NormalTextRun SCXW46842901 BCX0\">\u00c0 Saint-Tropez, dans le\u00a0<\/span><span class=\"NormalTextRun SpellingErrorV2Themed SCXW46842901 BCX0\">sud<\/span><span class=\"NormalTextRun SCXW46842901 BCX0\">\u00a0de la France,\u00a0<\/span><span class=\"NormalTextRun SpellingErrorV2Themed SCXW46842901 BCX0\">dissimul\u00e9<\/span><span class=\"NormalTextRun SCXW46842901 BCX0\">\u00a0sous la\u00a0<\/span><span class=\"NormalTextRun SpellingErrorV2Themed SCXW46842901 BCX0\">pin\u00e8de<\/span><span class=\"NormalTextRun SCXW46842901 BCX0\">, Gigi\u00a0<\/span><span class=\"NormalTextRun SpellingErrorV2Themed SCXW46842901 BCX0\">accueille<\/span>\u00a0<span class=\"NormalTextRun SpellingErrorV2Themed SCXW46842901 BCX0\">ses<\/span>\u00a0<span class=\"NormalTextRun SpellingErrorV2Themed SCXW46842901 BCX0\">h\u00f4tes<\/span><span class=\"NormalTextRun SCXW46842901 BCX0\">\u00a0dans\u00a0<\/span><span class=\"NormalTextRun SpellingErrorV2Themed SCXW46842901 BCX0\">sa<\/span>\u00a0<span class=\"NormalTextRun SpellingErrorV2Themed SCXW46842901 BCX0\">maison<\/span><span class=\"NormalTextRun SCXW46842901 BCX0\"> de plage. <\/span><span class=\"NormalTextRun SCXW46842901 BCX0\">Bien plus\u00a0<\/span><span class=\"NormalTextRun SpellingErrorV2Themed SCXW46842901 BCX0\">qu\u2019un<\/span><span class=\"NormalTextRun SCXW46842901 BCX0\">\u00a0restaurant\u00a0<\/span><span class=\"NormalTextRun SpellingErrorV2Themed SCXW46842901 BCX0\">cette<\/span>\u00a0<span class=\"NormalTextRun SpellingErrorV2Themed SCXW46842901 BCX0\">maison<\/span><span class=\"NormalTextRun SCXW46842901 BCX0\">\u00a0de plage\u00a0<\/span><span class=\"NormalTextRun SpellingErrorV2Themed SCXW46842901 BCX0\">est<\/span><span class=\"NormalTextRun SCXW46842901 BCX0\">\u00a0un\u00a0<\/span><span class=\"NormalTextRun SpellingErrorV2Themed SCXW46842901 BCX0\">v\u00e9ritable<\/span><span class=\"NormalTextRun SCXW46842901 BCX0\"> lieu de vie : <\/span><span class=\"NormalTextRun SCXW46842901 BCX0\">Restaurant, Bellini Bar, piscine, cabanes\u00a0<\/span><span class=\"NormalTextRun SpellingErrorV2Themed SCXW46842901 BCX0\">priv\u00e9es&#8230; tout est fait pour<\/span><span class=\"NormalTextRun SCXW46842901 BCX0\">\u00a0se\u00a0<\/span><span class=\"NormalTextRun SpellingErrorV2Themed SCXW46842901 BCX0\">reposer<\/span><span class=\"NormalTextRun SCXW46842901 BCX0\">,\u00a0<\/span><span class=\"NormalTextRun SpellingErrorV2Themed SCXW46842901 BCX0\">partager<\/span><span class=\"NormalTextRun SCXW46842901 BCX0\">,\u00a0<\/span><span class=\"NormalTextRun SpellingErrorV2Themed SCXW46842901 BCX0\">c\u00e9l\u00e9brer<\/span>\u00a0<span class=\"NormalTextRun SCXW46842901 BCX0\">et\u00a0<\/span><span class=\"NormalTextRun SpellingErrorV2Themed SCXW46842901 BCX0\">cr\u00e9er<\/span><span class=\"NormalTextRun SCXW46842901 BCX0\">\u00a0des souvenirs\u00a0<\/span><span class=\"NormalTextRun SpellingErrorV2Themed SpellingErrorHighlight SCXW46842901 BCX0\">imp\u00e9rissables<\/span><span class=\"NormalTextRun SCXW46842901 BCX0\">.<\/span><\/span>\u00a0<\/p><\/div><\/div><\/div><\/div><\/div><\/div><\/div><\/div><p>Le Studio a \u00e9t\u00e9 appel\u00e9 pour photographier et mettre en sc\u00e8ne les produits du restaurant lors d&rsquo;un shooting photo pour alimenter les r\u00e9seaux sociaux.\u00a0<\/p>\t\t\t\t\t\t<\/div>\n\t\t\t\t<\/div>\n\t\t\t\t<div class=\"elementor-element elementor-element-4259b07 elementor-widget-divider--view-line elementor-widget elementor-widget-divider\" data-id=\"4259b07\" data-element_type=\"widget\" data-widget_type=\"divider.default\">\n\t\t\t\t<div class=\"elementor-widget-container\">\n\t\t\t\t\t<div class=\"elementor-divider\">\n\t\t\t<span class=\"elementor-divider-separator\">\n\t\t\t\t\t\t<\/span>\n\t\t<\/div>\n\t\t\t\t<\/div>\n\t\t\t\t<\/div>\n\t\t\t\t<div class=\"elementor-element elementor-element-b867537 elementor-widget elementor-widget-heading\" data-id=\"b867537\" data-element_type=\"widget\" data-widget_type=\"heading.default\">\n\t\t\t\t<div class=\"elementor-widget-container\">\n\t\t\t<h1 class=\"elementor-heading-title elementor-size-default\">photographie de restaurant <\/h1>\t\t<\/div>\n\t\t\t\t<\/div>\n\t\t\t\t<div class=\"elementor-element elementor-element-e4bc377 elementor-widget elementor-widget-heading\" data-id=\"e4bc377\" data-element_type=\"widget\" data-widget_type=\"heading.default\">\n\t\t\t\t<div class=\"elementor-widget-container\">\n\t\t\t<h2 class=\"elementor-heading-title elementor-size-default\">Gigi Saint-Tropez Ramatuelle<\/h2>\t\t<\/div>\n\t\t\t\t<\/div>\n\t\t\t\t\t<\/div>\n\t\t<\/div>\n\t\t\t\t\t<\/div>\n\t\t<\/section>\n\t\t\t\t<section class=\"elementor-section elementor-top-section elementor-element elementor-element-10aa094 elementor-section-boxed elementor-section-height-default elementor-section-height-default\" data-id=\"10aa094\" data-element_type=\"section\">\n\t\t\t\t\t\t<div class=\"elementor-container elementor-column-gap-default\">\n\t\t\t\t\t<div class=\"elementor-column elementor-col-100 elementor-top-column elementor-element elementor-element-f07980f\" data-id=\"f07980f\" data-element_type=\"column\">\n\t\t\t<div class=\"elementor-widget-wrap elementor-element-populated\">\n\t\t\t\t\t\t<div class=\"elementor-element elementor-element-75ce30e elementor-widget elementor-widget-gallery\" data-id=\"75ce30e\" data-element_type=\"widget\" data-settings=\"{&quot;gallery_layout&quot;:&quot;justified&quot;,&quot;ideal_row_height&quot;:{&quot;unit&quot;:&quot;px&quot;,&quot;size&quot;:500,&quot;sizes&quot;:[]},&quot;gap&quot;:{&quot;unit&quot;:&quot;px&quot;,&quot;size&quot;:14,&quot;sizes&quot;:[]},&quot;ideal_row_height_tablet&quot;:{&quot;unit&quot;:&quot;px&quot;,&quot;size&quot;:248,&quot;sizes&quot;:[]},&quot;lazyload&quot;:&quot;yes&quot;,&quot;ideal_row_height_mobile&quot;:{&quot;unit&quot;:&quot;px&quot;,&quot;size&quot;:150,&quot;sizes&quot;:[]},&quot;gap_tablet&quot;:{&quot;unit&quot;:&quot;px&quot;,&quot;size&quot;:10,&quot;sizes&quot;:[]},&quot;gap_mobile&quot;:{&quot;unit&quot;:&quot;px&quot;,&quot;size&quot;:10,&quot;sizes&quot;:[]},&quot;link_to&quot;:&quot;file&quot;,&quot;overlay_background&quot;:&quot;yes&quot;,&quot;content_hover_animation&quot;:&quot;fade-in&quot;}\" data-widget_type=\"gallery.default\">\n\t\t\t\t<div class=\"elementor-widget-container\">\n\t\t\t\t\t<div class=\"elementor-gallery__container\">\n\t\t\t\t\t\t\t<a class=\"e-gallery-item elementor-gallery-item elementor-animated-content\" href=\"https:\/\/www.essense-studio.com\/wp-content\/uploads\/2022\/05\/St-tropez_gigi_restaurant.jpg\" data-elementor-open-lightbox=\"yes\" data-elementor-lightbox-slideshow=\"75ce30e\" data-e-action-hash=\"#elementor-action%3Aaction%3Dlightbox%26settings%3DeyJpZCI6Mjg2MSwidXJsIjoiaHR0cHM6XC9cL3d3dy5lc3NlbnNlLXN0dWRpby5jb21cL3dwLWNvbnRlbnRcL3VwbG9hZHNcLzIwMjJcLzA1XC9TdC10cm9wZXpfZ2lnaV9yZXN0YXVyYW50LmpwZyIsInNsaWRlc2hvdyI6Ijc1Y2UzMGUifQ%3D%3D\">\n\t\t\t\t\t<div class=\"e-gallery-image elementor-gallery-item__image\" data-thumbnail=\"https:\/\/www.essense-studio.com\/wp-content\/uploads\/2022\/05\/St-tropez_gigi_restaurant.jpg\" data-width=\"1700\" data-height=\"2550\" aria-label=\"\" role=\"img\" ><\/div>\n\t\t\t\t\t\t\t\t\t\t\t<div class=\"elementor-gallery-item__overlay\"><\/div>\n\t\t\t\t\t\t\t\t\t\t\t\t\t\t<\/a>\n\t\t\t\t\t\t\t<a class=\"e-gallery-item elementor-gallery-item elementor-animated-content\" href=\"https:\/\/www.essense-studio.com\/wp-content\/uploads\/2022\/05\/photographe_freelance_st_tropez_dior_restaurant.jpg\" data-elementor-open-lightbox=\"yes\" data-elementor-lightbox-slideshow=\"75ce30e\" data-e-action-hash=\"#elementor-action%3Aaction%3Dlightbox%26settings%3DeyJpZCI6Mjg1OSwidXJsIjoiaHR0cHM6XC9cL3d3dy5lc3NlbnNlLXN0dWRpby5jb21cL3dwLWNvbnRlbnRcL3VwbG9hZHNcLzIwMjJcLzA1XC9waG90b2dyYXBoZV9mcmVlbGFuY2Vfc3RfdHJvcGV6X2Rpb3JfcmVzdGF1cmFudC5qcGciLCJzbGlkZXNob3ciOiI3NWNlMzBlIn0%3D\">\n\t\t\t\t\t<div class=\"e-gallery-image elementor-gallery-item__image\" data-thumbnail=\"https:\/\/www.essense-studio.com\/wp-content\/uploads\/2022\/05\/photographe_freelance_st_tropez_dior_restaurant.jpg\" data-width=\"1700\" data-height=\"2550\" aria-label=\"\" role=\"img\" ><\/div>\n\t\t\t\t\t\t\t\t\t\t\t<div class=\"elementor-gallery-item__overlay\"><\/div>\n\t\t\t\t\t\t\t\t\t\t\t\t\t\t<\/a>\n\t\t\t\t\t\t\t<a class=\"e-gallery-item elementor-gallery-item elementor-animated-content\" href=\"https:\/\/www.essense-studio.com\/wp-content\/uploads\/2022\/05\/shooting_photo_st_tropez_restaurant.jpg\" data-elementor-open-lightbox=\"yes\" data-elementor-lightbox-slideshow=\"75ce30e\" data-e-action-hash=\"#elementor-action%3Aaction%3Dlightbox%26settings%3DeyJpZCI6Mjg1NywidXJsIjoiaHR0cHM6XC9cL3d3dy5lc3NlbnNlLXN0dWRpby5jb21cL3dwLWNvbnRlbnRcL3VwbG9hZHNcLzIwMjJcLzA1XC9zaG9vdGluZ19waG90b19zdF90cm9wZXpfcmVzdGF1cmFudC5qcGciLCJzbGlkZXNob3ciOiI3NWNlMzBlIn0%3D\">\n\t\t\t\t\t<div class=\"e-gallery-image elementor-gallery-item__image\" data-thumbnail=\"https:\/\/www.essense-studio.com\/wp-content\/uploads\/2022\/05\/shooting_photo_st_tropez_restaurant.jpg\" data-width=\"1700\" data-height=\"2550\" aria-label=\"\" role=\"img\" ><\/div>\n\t\t\t\t\t\t\t\t\t\t\t<div class=\"elementor-gallery-item__overlay\"><\/div>\n\t\t\t\t\t\t\t\t\t\t\t\t\t\t<\/a>\n\t\t\t\t\t\t\t<a class=\"e-gallery-item elementor-gallery-item elementor-animated-content\" href=\"https:\/\/www.essense-studio.com\/wp-content\/uploads\/2023\/08\/tahiti_beach_st_tropez.jpg\" data-elementor-open-lightbox=\"yes\" data-elementor-lightbox-slideshow=\"75ce30e\" data-e-action-hash=\"#elementor-action%3Aaction%3Dlightbox%26settings%3DeyJpZCI6NTE3NiwidXJsIjoiaHR0cHM6XC9cL3d3dy5lc3NlbnNlLXN0dWRpby5jb21cL3dwLWNvbnRlbnRcL3VwbG9hZHNcLzIwMjNcLzA4XC90YWhpdGlfYmVhY2hfc3RfdHJvcGV6LmpwZyIsInNsaWRlc2hvdyI6Ijc1Y2UzMGUifQ%3D%3D\">\n\t\t\t\t\t<div class=\"e-gallery-image elementor-gallery-item__image\" data-thumbnail=\"https:\/\/www.essense-studio.com\/wp-content\/uploads\/2023\/08\/tahiti_beach_st_tropez.jpg\" data-width=\"1700\" data-height=\"2550\" aria-label=\"\" role=\"img\" ><\/div>\n\t\t\t\t\t\t\t\t\t\t\t<div class=\"elementor-gallery-item__overlay\"><\/div>\n\t\t\t\t\t\t\t\t\t\t\t\t\t\t<\/a>\n\t\t\t\t\t\t\t<a class=\"e-gallery-item elementor-gallery-item elementor-animated-content\" href=\"https:\/\/www.essense-studio.com\/wp-content\/uploads\/2022\/04\/Lifestyle-luxury_hotel_photo.jpg\" data-elementor-open-lightbox=\"yes\" data-elementor-lightbox-slideshow=\"75ce30e\" data-e-action-hash=\"#elementor-action%3Aaction%3Dlightbox%26settings%3DeyJpZCI6MjcyNCwidXJsIjoiaHR0cHM6XC9cL3d3dy5lc3NlbnNlLXN0dWRpby5jb21cL3dwLWNvbnRlbnRcL3VwbG9hZHNcLzIwMjJcLzA0XC9MaWZlc3R5bGUtbHV4dXJ5X2hvdGVsX3Bob3RvLmpwZyIsInNsaWRlc2hvdyI6Ijc1Y2UzMGUifQ%3D%3D\">\n\t\t\t\t\t<div class=\"e-gallery-image elementor-gallery-item__image\" data-thumbnail=\"https:\/\/www.essense-studio.com\/wp-content\/uploads\/2022\/04\/Lifestyle-luxury_hotel_photo.jpg\" data-width=\"1700\" data-height=\"2550\" aria-label=\"\" role=\"img\" ><\/div>\n\t\t\t\t\t\t\t\t\t\t\t<div class=\"elementor-gallery-item__overlay\"><\/div>\n\t\t\t\t\t\t\t\t\t\t\t\t\t\t<\/a>\n\t\t\t\t\t<\/div>\n\t\t\t<\/div>\n\t\t\t\t<\/div>\n\t\t\t\t\t<\/div>\n\t\t<\/div>\n\t\t\t\t\t<\/div>\n\t\t<\/section>\n\t\t\t\t<section class=\"elementor-section elementor-top-section elementor-element elementor-element-2a117442 elementor-section-content-middle elementor-section-boxed elementor-section-height-default elementor-section-height-default\" data-id=\"2a117442\" data-element_type=\"section\">\n\t\t\t\t\t\t<div class=\"elementor-container elementor-column-gap-no\">\n\t\t\t\t\t<div class=\"elementor-column elementor-col-50 elementor-top-column elementor-element elementor-element-3dc2c012\" data-id=\"3dc2c012\" data-element_type=\"column\">\n\t\t\t<div class=\"elementor-widget-wrap elementor-element-populated\">\n\t\t\t\t\t\t<div class=\"elementor-element elementor-element-5bc64c90 elementor-widget-divider--view-line elementor-widget elementor-widget-divider\" data-id=\"5bc64c90\" data-element_type=\"widget\" data-widget_type=\"divider.default\">\n\t\t\t\t<div class=\"elementor-widget-container\">\n\t\t\t\t\t<div class=\"elementor-divider\">\n\t\t\t<span class=\"elementor-divider-separator\">\n\t\t\t\t\t\t<\/span>\n\t\t<\/div>\n\t\t\t\t<\/div>\n\t\t\t\t<\/div>\n\t\t\t\t<div class=\"elementor-element elementor-element-52c31074 elementor-widget elementor-widget-heading\" data-id=\"52c31074\" data-element_type=\"widget\" data-widget_type=\"heading.default\">\n\t\t\t\t<div class=\"elementor-widget-container\">\n\t\t\t<h4 class=\"elementor-heading-title elementor-size-default\">Projet similaire ?<\/h4>\t\t<\/div>\n\t\t\t\t<\/div>\n\t\t\t\t\t<\/div>\n\t\t<\/div>\n\t\t\t\t<div class=\"elementor-column elementor-col-50 elementor-top-column elementor-element elementor-element-110ae8a6\" data-id=\"110ae8a6\" data-element_type=\"column\">\n\t\t\t<div class=\"elementor-widget-wrap elementor-element-populated\">\n\t\t\t\t\t\t<div class=\"elementor-element elementor-element-b6f5bee elementor-widget elementor-widget-text-editor\" data-id=\"b6f5bee\" data-element_type=\"widget\" data-widget_type=\"text-editor.default\">\n\t\t\t\t<div class=\"elementor-widget-container\">\n\t\t\t\t\t\t\t<p>Discutons-en ! Nous pourrons s\u00fbrement vous apporter la solution sur-mesure que n\u00e9cessite votre besoin en cr\u00e9ation de contenu.<\/p>\t\t\t\t\t\t<\/div>\n\t\t\t\t<\/div>\n\t\t\t\t\t<\/div>\n\t\t<\/div>\n\t\t\t\t\t<\/div>\n\t\t<\/section>\n\t\t\t\t<\/div>","protected":false},"excerpt":{"rendered":"<p>\u00c0 Saint-Tropez, dans le\u00a0sud\u00a0de la France,\u00a0dissimul\u00e9\u00a0sous la\u00a0pin\u00e8de, Gigi\u00a0accueille\u00a0ses\u00a0h\u00f4tes\u00a0dans\u00a0sa\u00a0maison de plage. Bien plus\u00a0qu\u2019un\u00a0restaurant\u00a0cette\u00a0maison\u00a0de plage\u00a0est\u00a0un\u00a0v\u00e9ritable lieu de vie : Restaurant, Bellini Bar, piscine, cabanes\u00a0priv\u00e9es&#8230; tout est fait pour\u00a0se\u00a0reposer,\u00a0partager,\u00a0c\u00e9l\u00e9brer\u00a0et\u00a0cr\u00e9er\u00a0des souvenirs\u00a0imp\u00e9rissables.\u00a0 Le Studio a \u00e9t\u00e9 appel\u00e9 pour photographier et mettre en sc\u00e8ne les produits du restaurant lors d&rsquo;un shooting photo pour alimenter les r\u00e9seaux sociaux.\u00a0 photographie de restaurant Gigi [&hellip;]<\/p>","protected":false},"author":2,"featured_media":0,"parent":0,"menu_order":0,"comment_status":"closed","ping_status":"closed","template":"","meta":{"footnotes":""},"class_list":["post-7126","page","type-page","status-publish","hentry"],"yoast_head":"<!-- This site is optimized with the Yoast SEO plugin v22.7 - https:\/\/yoast.com\/wordpress\/plugins\/seo\/ -->\n<title>Shooting photo restaurant Gigi St Tropez - Essense studio<\/title>\n<meta name=\"description\" content=\"Studio freelance expert en communication digitale \u00e0 Marseille et sp\u00e9cialis\u00e9 dans les r\u00e9seaux sociaux et la photo produit pour \u00eatre visible sur internet.\" \/>\n<meta name=\"robots\" content=\"index, follow, max-snippet:-1, max-image-preview:large, max-video-preview:-1\" \/>\n<link rel=\"canonical\" href=\"https:\/\/www.essense-studio.com\/en\/shooting-photo-restaurant-gigi-st-tropez\/\" \/>\n<meta property=\"og:locale\" content=\"en_GB\" \/>\n<meta property=\"og:type\" content=\"article\" \/>\n<meta property=\"og:title\" content=\"Shooting photo restaurant Gigi St Tropez - Essense studio\" \/>\n<meta property=\"og:description\" content=\"Studio freelance expert en communication digitale \u00e0 Marseille et sp\u00e9cialis\u00e9 dans les r\u00e9seaux sociaux et la photo produit pour \u00eatre visible sur internet.\" \/>\n<meta property=\"og:url\" content=\"https:\/\/www.essense-studio.com\/en\/shooting-photo-restaurant-gigi-st-tropez\/\" \/>\n<meta property=\"og:site_name\" content=\"Essense studio\" \/>\n<meta property=\"article:modified_time\" content=\"2025-03-26T09:30:38+00:00\" \/>\n<meta name=\"twitter:card\" content=\"summary_large_image\" \/>\n<meta name=\"twitter:label1\" content=\"Estimated reading time\" \/>\n\t<meta name=\"twitter:data1\" content=\"1 minute\" \/>\n<script type=\"application\/ld+json\" class=\"yoast-schema-graph\">{\"@context\":\"https:\/\/schema.org\",\"@graph\":[{\"@type\":\"WebPage\",\"@id\":\"https:\/\/www.essense-studio.com\/shooting-photo-restaurant-gigi-st-tropez\/\",\"url\":\"https:\/\/www.essense-studio.com\/shooting-photo-restaurant-gigi-st-tropez\/\",\"name\":\"Shooting photo restaurant Gigi St Tropez - Essense studio\",\"isPartOf\":{\"@id\":\"https:\/\/www.essense-studio.com\/#website\"},\"datePublished\":\"2025-03-26T09:21:23+00:00\",\"dateModified\":\"2025-03-26T09:30:38+00:00\",\"description\":\"Studio freelance expert en communication digitale \u00e0 Marseille et sp\u00e9cialis\u00e9 dans les r\u00e9seaux sociaux et la photo produit pour \u00eatre visible sur internet.\",\"breadcrumb\":{\"@id\":\"https:\/\/www.essense-studio.com\/shooting-photo-restaurant-gigi-st-tropez\/#breadcrumb\"},\"inLanguage\":\"en-GB\",\"potentialAction\":[{\"@type\":\"ReadAction\",\"target\":[\"https:\/\/www.essense-studio.com\/shooting-photo-restaurant-gigi-st-tropez\/\"]}]},{\"@type\":\"BreadcrumbList\",\"@id\":\"https:\/\/www.essense-studio.com\/shooting-photo-restaurant-gigi-st-tropez\/#breadcrumb\",\"itemListElement\":[{\"@type\":\"ListItem\",\"position\":1,\"name\":\"Accueil\",\"item\":\"https:\/\/www.essense-studio.com\/\"},{\"@type\":\"ListItem\",\"position\":2,\"name\":\"Shooting photo restaurant Gigi St Tropez\"}]},{\"@type\":\"WebSite\",\"@id\":\"https:\/\/www.essense-studio.com\/#website\",\"url\":\"https:\/\/www.essense-studio.com\/\",\"name\":\"Essense studio\",\"description\":\"Agence brand content - social media Marseille\",\"publisher\":{\"@id\":\"https:\/\/www.essense-studio.com\/#organization\"},\"potentialAction\":[{\"@type\":\"SearchAction\",\"target\":{\"@type\":\"EntryPoint\",\"urlTemplate\":\"https:\/\/www.essense-studio.com\/?s={search_term_string}\"},\"query-input\":\"required name=search_term_string\"}],\"inLanguage\":\"en-GB\"},{\"@type\":\"Organization\",\"@id\":\"https:\/\/www.essense-studio.com\/#organization\",\"name\":\"Essense studio\",\"url\":\"https:\/\/www.essense-studio.com\/\",\"logo\":{\"@type\":\"ImageObject\",\"inLanguage\":\"en-GB\",\"@id\":\"https:\/\/www.essense-studio.com\/#\/schema\/logo\/image\/\",\"url\":\"\",\"contentUrl\":\"\",\"caption\":\"Essense studio\"},\"image\":{\"@id\":\"https:\/\/www.essense-studio.com\/#\/schema\/logo\/image\/\"}}]}<\/script>\n<!-- \/ Yoast SEO plugin. -->","yoast_head_json":{"title":"Shooting photo restaurant Gigi St Tropez - Essense studio","description":"Studio freelance expert en communication digitale \u00e0 Marseille et sp\u00e9cialis\u00e9 dans les r\u00e9seaux sociaux et la photo produit pour \u00eatre visible sur internet.","robots":{"index":"index","follow":"follow","max-snippet":"max-snippet:-1","max-image-preview":"max-image-preview:large","max-video-preview":"max-video-preview:-1"},"canonical":"https:\/\/www.essense-studio.com\/en\/shooting-photo-restaurant-gigi-st-tropez\/","og_locale":"en_GB","og_type":"article","og_title":"Shooting photo restaurant Gigi St Tropez - Essense studio","og_description":"Studio freelance expert en communication digitale \u00e0 Marseille et sp\u00e9cialis\u00e9 dans les r\u00e9seaux sociaux et la photo produit pour \u00eatre visible sur internet.","og_url":"https:\/\/www.essense-studio.com\/en\/shooting-photo-restaurant-gigi-st-tropez\/","og_site_name":"Essense studio","article_modified_time":"2025-03-26T09:30:38+00:00","twitter_card":"summary_large_image","twitter_misc":{"Estimated reading time":"1 minute"},"schema":{"@context":"https:\/\/schema.org","@graph":[{"@type":"WebPage","@id":"https:\/\/www.essense-studio.com\/shooting-photo-restaurant-gigi-st-tropez\/","url":"https:\/\/www.essense-studio.com\/shooting-photo-restaurant-gigi-st-tropez\/","name":"Shooting photo restaurant Gigi St Tropez - Essense studio","isPartOf":{"@id":"https:\/\/www.essense-studio.com\/#website"},"datePublished":"2025-03-26T09:21:23+00:00","dateModified":"2025-03-26T09:30:38+00:00","description":"Studio freelance expert en communication digitale \u00e0 Marseille et sp\u00e9cialis\u00e9 dans les r\u00e9seaux sociaux et la photo produit pour \u00eatre visible sur internet.","breadcrumb":{"@id":"https:\/\/www.essense-studio.com\/shooting-photo-restaurant-gigi-st-tropez\/#breadcrumb"},"inLanguage":"en-GB","potentialAction":[{"@type":"ReadAction","target":["https:\/\/www.essense-studio.com\/shooting-photo-restaurant-gigi-st-tropez\/"]}]},{"@type":"BreadcrumbList","@id":"https:\/\/www.essense-studio.com\/shooting-photo-restaurant-gigi-st-tropez\/#breadcrumb","itemListElement":[{"@type":"ListItem","position":1,"name":"Accueil","item":"https:\/\/www.essense-studio.com\/"},{"@type":"ListItem","position":2,"name":"Shooting photo restaurant Gigi St Tropez"}]},{"@type":"WebSite","@id":"https:\/\/www.essense-studio.com\/#website","url":"https:\/\/www.essense-studio.com\/","name":"Essense studio","description":"Agence brand content - social media Marseille","publisher":{"@id":"https:\/\/www.essense-studio.com\/#organization"},"potentialAction":[{"@type":"SearchAction","target":{"@type":"EntryPoint","urlTemplate":"https:\/\/www.essense-studio.com\/?s={search_term_string}"},"query-input":"required name=search_term_string"}],"inLanguage":"en-GB"},{"@type":"Organization","@id":"https:\/\/www.essense-studio.com\/#organization","name":"Essense studio","url":"https:\/\/www.essense-studio.com\/","logo":{"@type":"ImageObject","inLanguage":"en-GB","@id":"https:\/\/www.essense-studio.com\/#\/schema\/logo\/image\/","url":"","contentUrl":"","caption":"Essense studio"},"image":{"@id":"https:\/\/www.essense-studio.com\/#\/schema\/logo\/image\/"}}]}},"_links":{"self":[{"href":"https:\/\/www.essense-studio.com\/en\/wp-json\/wp\/v2\/pages\/7126","targetHints":{"allow":["GET"]}}],"collection":[{"href":"https:\/\/www.essense-studio.com\/en\/wp-json\/wp\/v2\/pages"}],"about":[{"href":"https:\/\/www.essense-studio.com\/en\/wp-json\/wp\/v2\/types\/page"}],"author":[{"embeddable":true,"href":"https:\/\/www.essense-studio.com\/en\/wp-json\/wp\/v2\/users\/2"}],"replies":[{"embeddable":true,"href":"https:\/\/www.essense-studio.com\/en\/wp-json\/wp\/v2\/comments?post=7126"}],"version-history":[{"count":5,"href":"https:\/\/www.essense-studio.com\/en\/wp-json\/wp\/v2\/pages\/7126\/revisions"}],"predecessor-version":[{"id":7135,"href":"https:\/\/www.essense-studio.com\/en\/wp-json\/wp\/v2\/pages\/7126\/revisions\/7135"}],"wp:attachment":[{"href":"https:\/\/www.essense-studio.com\/en\/wp-json\/wp\/v2\/media?parent=7126"}],"curies":[{"name":"wp","href":"https:\/\/api.w.org\/{rel}","templated":true}]}}